{"id":626,"date":"2025-09-02T12:48:32","date_gmt":"2025-09-02T12:48:32","guid":{"rendered":"https:\/\/ecomixtech.com\/hu\/?page_id=626"},"modified":"2025-09-03T11:47:01","modified_gmt":"2025-09-03T11:47:01","slug":"rolunk","status":"publish","type":"page","link":"https:\/\/ecomixtech.com\/hu\/rolunk\/","title":{"rendered":"R\u00f3lunk"},"content":{"rendered":"\t\t<div data-elementor-type=\"wp-page\" data-elementor-id=\"626\" class=\"elementor elementor-626\">\n\t\t\t\t<div class=\"elementor-element elementor-element-20ea466 e-con-full e-flex e-con e-parent\" data-id=\"20ea466\" data-element_type=\"container\" data-e-type=\"container\">\n\t\t<div class=\"elementor-element elementor-element-df05870 e-con-full e-flex e-con e-child\" data-id=\"df05870\" data-element_type=\"container\" data-e-type=\"container\" data-settings=\"{&quot;background_background&quot;:&quot;classic&quot;,&quot;shape_divider_bottom&quot;:&quot;triangle&quot;,&quot;shape_divider_bottom_negative&quot;:&quot;yes&quot;}\">\n\t\t\t\t<div class=\"elementor-shape elementor-shape-bottom\" aria-hidden=\"true\" data-negative=\"true\">\n\t\t\t<svg xmlns=\"http:\/\/www.w3.org\/2000\/svg\" viewBox=\"0 0 1000 100\" preserveAspectRatio=\"none\">\n\t<path class=\"elementor-shape-fill\" d=\"M500.2,94.7L0,0v100h1000V0L500.2,94.7z\"\/>\n<\/svg>\t\t<\/div>\n\t\t<div class=\"elementor-element elementor-element-ce2ee02 e-flex e-con-boxed e-con e-child\" data-id=\"ce2ee02\" data-element_type=\"container\" data-e-type=\"container\">\n\t\t\t\t\t<div class=\"e-con-inner\">\n\t\t\t\t<div class=\"elementor-element elementor-element-6ff89f4 elementor-widget elementor-widget-heading\" data-id=\"6ff89f4\" data-element_type=\"widget\" data-e-type=\"widget\" data-widget_type=\"heading.default\">\n\t\t\t\t\t<h2 class=\"elementor-heading-title elementor-size-default\">R\u00f3lunk<\/h2>\t\t\t\t<\/div>\n\t\t\t\t<div class=\"elementor-element elementor-element-7299eda elementor-widget elementor-widget-text-editor\" data-id=\"7299eda\" data-element_type=\"widget\" data-e-type=\"widget\" data-widget_type=\"text-editor.default\">\n\t\t\t\t\t\t\t\t\t<p>Az Eco Mix egy olyan v\u00e1llalat, amelyet a modern \u00e9p\u00edt\u0151ipari megold\u00e1sok ir\u00e1nti szenved\u00e9ly h\u00edvott \u00e9letre.<\/p>\t\t\t\t\t\t\t\t<\/div>\n\t\t\t\t\t<\/div>\n\t\t\t\t<\/div>\n\t\t\t\t<\/div>\n\t\t\t\t<\/div>\n\t\t<div class=\"elementor-element elementor-element-55d9519 e-flex e-con-boxed e-con e-parent\" data-id=\"55d9519\" data-element_type=\"container\" data-e-type=\"container\">\n\t\t\t\t\t<div class=\"e-con-inner\">\n\t\t\t\t<div class=\"elementor-element elementor-element-7746819 elementor-widget elementor-widget-heading\" data-id=\"7746819\" data-element_type=\"widget\" data-e-type=\"widget\" data-widget_type=\"heading.default\">\n\t\t\t\t\t<h2 class=\"elementor-heading-title elementor-size-default\">I<\/h2>\t\t\t\t<\/div>\n\t\t\t\t\t<\/div>\n\t\t\t\t<\/div>\n\t\t<div class=\"elementor-element elementor-element-2f915b8 e-flex e-con-boxed e-con e-parent\" data-id=\"2f915b8\" data-element_type=\"container\" data-e-type=\"container\">\n\t\t\t\t\t<div class=\"e-con-inner\">\n\t\t<div class=\"elementor-element elementor-element-41b4d53 e-con-full e-flex e-con e-child\" data-id=\"41b4d53\" data-element_type=\"container\" data-e-type=\"container\">\n\t\t<div class=\"elementor-element elementor-element-e2c5ef0 e-con-full e-flex e-con e-child\" data-id=\"e2c5ef0\" data-element_type=\"container\" data-e-type=\"container\">\n\t\t\t\t<div class=\"elementor-element elementor-element-981bcc3 elementor-widget elementor-widget-text-editor\" data-id=\"981bcc3\" data-element_type=\"widget\" data-e-type=\"widget\" data-widget_type=\"text-editor.default\">\n\t\t\t\t\t\t\t\t\tAz Eco Mixn\u00e9l hissz\u00fck, hogy a megb\u00edzhat\u00f3 berendez\u00e9s az alapja minden projekt hat\u00e9kony megval\u00f3s\u00edt\u00e1s\u00e1nak.\t\t\t\t\t\t\t\t<\/div>\n\t\t\t\t<div class=\"elementor-element elementor-element-32e6f3b elementor-widget elementor-widget-text-editor\" data-id=\"32e6f3b\" data-element_type=\"widget\" data-e-type=\"widget\" data-widget_type=\"text-editor.default\">\n\t\t\t\t\t\t\t\t\tA Bay Lynx hivatalos magyarorsz\u00e1gi forgalmaz\u00f3jak\u00e9nt \u00fcgyfeleinknek a legmagasabb min\u0151s\u00e9g\u0171 betonkever\u0151ket, valamint eredeti p\u00f3talkatr\u00e9szeket k\u00edn\u00e1lunk, amelyek \u00e9vek \u00f3ta elismer\u00e9snek \u00f6rvendenek a nemzetk\u00f6zi piacokon.\t\t\t\t\t\t\t\t<\/div>\n\t\t\t\t<\/div>\n\t\t\t\t<\/div>\n\t\t\t\t\t<\/div>\n\t\t\t\t<\/div>\n\t\t<div class=\"elementor-element elementor-element-b3b2d0a e-flex e-con-boxed e-con e-parent\" data-id=\"b3b2d0a\" data-element_type=\"container\" data-e-type=\"container\">\n\t\t\t\t\t<div class=\"e-con-inner\">\n\t\t<div class=\"elementor-element elementor-element-5fa00a1 e-con-full e-flex elementor-invisible e-con e-child\" data-id=\"5fa00a1\" data-element_type=\"container\" data-e-type=\"container\" data-settings=\"{&quot;background_background&quot;:&quot;classic&quot;,&quot;animation&quot;:&quot;fadeInLeft&quot;}\">\n\t\t\t\t<\/div>\n\t\t<div class=\"elementor-element elementor-element-14307fd e-flex e-con-boxed e-con e-child\" data-id=\"14307fd\" data-element_type=\"container\" data-e-type=\"container\" data-settings=\"{&quot;background_background&quot;:&quot;classic&quot;}\">\n\t\t\t\t\t<div class=\"e-con-inner\">\n\t\t\t\t<div class=\"elementor-element elementor-element-bb5b9ef elementor-widget elementor-widget-heading\" data-id=\"bb5b9ef\" data-element_type=\"widget\" data-e-type=\"widget\" data-widget_type=\"heading.default\">\n\t\t\t\t\t<h2 class=\"elementor-heading-title elementor-size-default\">Mi\u00e9rt \u00e9ppen Eco Mix?<\/h2>\t\t\t\t<\/div>\n\t\t\t\t<div class=\"elementor-element elementor-element-c22a70c elementor-widget elementor-widget-text-editor\" data-id=\"c22a70c\" data-element_type=\"widget\" data-e-type=\"widget\" data-widget_type=\"text-editor.default\">\n\t\t\t\t\t\t\t\t\t<ul>\n \t<li><strong>Hivatalos Bay Lynx forgalmaz\u00e1s<\/strong> \u2013 garancia az eredeti term\u00e9kekre \u00e9s a gy\u00e1rt\u00f3 teljes k\u00f6r\u0171 t\u00e1mogat\u00e1s\u00e1ra.<\/li>\n \t<li><strong>Sz\u00e9les v\u00e1laszt\u00e9k p\u00f3talkatr\u00e9szekb\u0151l<\/strong> \u2013 gyors hozz\u00e1f\u00e9r\u00e9s azokhoz az alkatr\u00e9szekhez, amelyek biztos\u00edtj\u00e1k a g\u00e9pek folyamatos m\u0171k\u00f6d\u00e9s\u00e9t.<\/li>\n \t<li><strong>Tan\u00e1csad\u00e1s \u00e9s szerviz<\/strong> \u2013 seg\u00edt\u00fcnk a megfelel\u0151 berendez\u00e9s kiv\u00e1laszt\u00e1s\u00e1ban, \u00e9s gondoskodunk annak megb\u00edzhat\u00f3s\u00e1g\u00e1r\u00f3l a teljes haszn\u00e1lati id\u0151 alatt.<\/li>\n \t<li><strong>Tapasztalat \u00e9s bizalom<\/strong> \u2013 egy\u00fcttm\u0171k\u00f6d\u00fcnk nagy \u00e9p\u00edt\u0151ipari v\u00e1llalatokkal \u00e9s helyi kivitelez\u0151kkel egyar\u00e1nt.<\/li>\n<\/ul>\t\t\t\t\t\t\t\t<\/div>\n\t\t\t\t<div class=\"elementor-element elementor-element-c339b73 elementor-align-left elementor-mobile-align-center elementor-widget elementor-widget-button\" data-id=\"c339b73\" data-element_type=\"widget\" data-e-type=\"widget\" data-widget_type=\"button.default\">\n\t\t\t\t\t\t\t\t\t\t<a class=\"elementor-button elementor-button-link elementor-size-sm\" href=\"\/hu\/kapcsolat\/\">\n\t\t\t\t\t\t<span class=\"elementor-button-content-wrapper\">\n\t\t\t\t\t\t\t\t\t<span class=\"elementor-button-text\">L\u00e9pjen kapcsolatba vel\u00fcnk<\/span>\n\t\t\t\t\t<\/span>\n\t\t\t\t\t<\/a>\n\t\t\t\t\t\t\t\t<\/div>\n\t\t\t\t\t<\/div>\n\t\t\t\t<\/div>\n\t\t\t\t\t<\/div>\n\t\t\t\t<\/div>\n\t\t\t\t<\/div>\n\t\t","protected":false},"excerpt":{"rendered":"<p>R\u00f3lunk Az Eco Mix egy olyan v\u00e1llalat, amelyet a modern \u00e9p\u00edt\u0151ipari megold\u00e1sok ir\u00e1nti szenved\u00e9ly h\u00edvott \u00e9letre. I Az Eco Mixn\u00e9l hissz\u00fck, hogy a megb\u00edzhat\u00f3 berendez\u00e9s az alapja minden projekt hat\u00e9kony megval\u00f3s\u00edt\u00e1s\u00e1nak.A Bay Lynx hivatalos magyarorsz\u00e1gi forgalmaz\u00f3jak\u00e9nt \u00fcgyfeleinknek a legmagasabb min\u0151s\u00e9g\u0171 betonkever\u0151ket, valamint eredeti p\u00f3talkatr\u00e9szeket k\u00edn\u00e1lunk, amelyek \u00e9vek \u00f3ta elismer\u00e9snek \u00f6rvendenek a nemzetk\u00f6zi piacokon. Mi\u00e9rt \u00e9ppen [&hellip;]<\/p>\n","protected":false},"author":1,"featured_media":0,"parent":0,"menu_order":0,"comment_status":"closed","ping_status":"closed","template":"elementor_header_footer","meta":{"footnotes":""},"class_list":["post-626","page","type-page","status-publish","hentry"],"_links":{"self":[{"href":"https:\/\/ecomixtech.com\/hu\/wp-json\/wp\/v2\/pages\/626","targetHints":{"allow":["GET"]}}],"collection":[{"href":"https:\/\/ecomixtech.com\/hu\/wp-json\/wp\/v2\/pages"}],"about":[{"href":"https:\/\/ecomixtech.com\/hu\/wp-json\/wp\/v2\/types\/page"}],"author":[{"embeddable":true,"href":"https:\/\/ecomixtech.com\/hu\/wp-json\/wp\/v2\/users\/1"}],"replies":[{"embeddable":true,"href":"https:\/\/ecomixtech.com\/hu\/wp-json\/wp\/v2\/comments?post=626"}],"version-history":[{"count":50,"href":"https:\/\/ecomixtech.com\/hu\/wp-json\/wp\/v2\/pages\/626\/revisions"}],"predecessor-version":[{"id":916,"href":"https:\/\/ecomixtech.com\/hu\/wp-json\/wp\/v2\/pages\/626\/revisions\/916"}],"wp:attachment":[{"href":"https:\/\/ecomixtech.com\/hu\/wp-json\/wp\/v2\/media?parent=626"}],"curies":[{"name":"wp","href":"https:\/\/api.w.org\/{rel}","templated":true}]}}