{"id":7,"date":"2025-09-01T10:28:09","date_gmt":"2025-09-01T10:28:09","guid":{"rendered":"https:\/\/ecomixtech.com\/hu\/?page_id=7"},"modified":"2025-09-05T05:14:13","modified_gmt":"2025-09-05T05:14:13","slug":"home","status":"publish","type":"page","link":"https:\/\/ecomixtech.com\/hu\/","title":{"rendered":"Home"},"content":{"rendered":"\t\t<div data-elementor-type=\"wp-page\" data-elementor-id=\"7\" class=\"elementor elementor-7\">\n\t\t\t\t<div class=\"elementor-element elementor-element-448c1ed e-con-full e-flex e-con e-parent\" data-id=\"448c1ed\" data-element_type=\"container\" data-e-type=\"container\">\n\t\t<div class=\"elementor-element elementor-element-1f2c57a e-con-full e-flex e-con e-child\" data-id=\"1f2c57a\" data-element_type=\"container\" data-e-type=\"container\" data-settings=\"{&quot;background_background&quot;:&quot;classic&quot;,&quot;shape_divider_bottom&quot;:&quot;triangle&quot;,&quot;shape_divider_bottom_negative&quot;:&quot;yes&quot;}\">\n\t\t\t\t<div class=\"elementor-shape elementor-shape-bottom\" aria-hidden=\"true\" data-negative=\"true\">\n\t\t\t<svg xmlns=\"http:\/\/www.w3.org\/2000\/svg\" viewBox=\"0 0 1000 100\" preserveAspectRatio=\"none\">\n\t<path class=\"elementor-shape-fill\" d=\"M500.2,94.7L0,0v100h1000V0L500.2,94.7z\"\/>\n<\/svg>\t\t<\/div>\n\t\t<div class=\"elementor-element elementor-element-68f1318 e-flex e-con-boxed e-con e-child\" data-id=\"68f1318\" data-element_type=\"container\" data-e-type=\"container\">\n\t\t\t\t\t<div class=\"e-con-inner\">\n\t\t\t\t<div class=\"elementor-element elementor-element-18ea526 elementor-widget elementor-widget-heading\" data-id=\"18ea526\" data-element_type=\"widget\" data-e-type=\"widget\" data-widget_type=\"heading.default\">\n\t\t\t\t\t<h2 class=\"elementor-heading-title elementor-size-default\">Bay Lynx betonkever\u0151k<\/h2>\t\t\t\t<\/div>\n\t\t\t\t<div class=\"elementor-element elementor-element-1d468b8 elementor-widget elementor-widget-text-editor\" data-id=\"1d468b8\" data-element_type=\"widget\" data-e-type=\"widget\" data-widget_type=\"text-editor.default\">\n\t\t\t\t\t\t\t\t\tG\u00e9pek, amelyek az \u00d6n \u00fczlet\u00e9t \u00e9p\u00edtik.\t\t\t\t\t\t\t\t<\/div>\n\t\t\t\t\t<\/div>\n\t\t\t\t<\/div>\n\t\t\t\t<\/div>\n\t\t\t\t<\/div>\n\t\t<div class=\"elementor-element elementor-element-23c3d78 e-flex e-con-boxed e-con e-parent\" data-id=\"23c3d78\" data-element_type=\"container\" data-e-type=\"container\">\n\t\t\t\t\t<div class=\"e-con-inner\">\n\t\t\t\t<div class=\"elementor-element elementor-element-068b046 elementor-widget elementor-widget-heading\" data-id=\"068b046\" data-element_type=\"widget\" data-e-type=\"widget\" data-widget_type=\"heading.default\">\n\t\t\t\t\t<h2 class=\"elementor-heading-title elementor-size-default\">I<\/h2>\t\t\t\t<\/div>\n\t\t\t\t\t<\/div>\n\t\t\t\t<\/div>\n\t\t<div class=\"elementor-element elementor-element-ecb4852 e-flex e-con-boxed e-con e-parent\" data-id=\"ecb4852\" data-element_type=\"container\" data-e-type=\"container\">\n\t\t\t\t\t<div class=\"e-con-inner\">\n\t\t<div class=\"elementor-element elementor-element-3374920 e-con-full e-flex e-con e-child\" data-id=\"3374920\" data-element_type=\"container\" data-e-type=\"container\">\n\t\t\t\t<div class=\"elementor-element elementor-element-7647d5a elementor-widget elementor-widget-text-editor\" data-id=\"7647d5a\" data-element_type=\"widget\" data-e-type=\"widget\" data-widget_type=\"text-editor.default\">\n\t\t\t\t\t\t\t\t\tA Bay Lynx betonkever\u0151k megb\u00edzhat\u00f3 berendez\u00e9sek, amelyek k\u00f6zvetlen\u00fcl az \u00e9p\u00edtkez\u00e9sen biztos\u00edtj\u00e1k a beton pontos el\u0151k\u00e9sz\u00edt\u00e9s\u00e9t.\t\t\t\t\t\t\t\t<\/div>\n\t\t\t\t<\/div>\n\t\t\t\t\t<\/div>\n\t\t\t\t<\/div>\n\t\t<div class=\"elementor-element elementor-element-40f2035 e-flex e-con-boxed e-con e-parent\" data-id=\"40f2035\" data-element_type=\"container\" data-e-type=\"container\">\n\t\t\t\t\t<div class=\"e-con-inner\">\n\t\t<div class=\"elementor-element elementor-element-4bbbb37 e-con-full e-flex elementor-invisible e-con e-child\" data-id=\"4bbbb37\" data-element_type=\"container\" data-e-type=\"container\" data-settings=\"{&quot;background_background&quot;:&quot;classic&quot;,&quot;animation&quot;:&quot;fadeInLeft&quot;}\">\n\t\t\t\t<\/div>\n\t\t<div class=\"elementor-element elementor-element-d757f23 e-flex e-con-boxed e-con e-child\" data-id=\"d757f23\" data-element_type=\"container\" data-e-type=\"container\" data-settings=\"{&quot;background_background&quot;:&quot;classic&quot;}\">\n\t\t\t\t\t<div class=\"e-con-inner\">\n\t\t\t\t<div class=\"elementor-element elementor-element-6e7b383 elementor-widget elementor-widget-heading\" data-id=\"6e7b383\" data-element_type=\"widget\" data-e-type=\"widget\" data-widget_type=\"heading.default\">\n\t\t\t\t\t<h2 class=\"elementor-heading-title elementor-size-default\">Bay Lynx volumetrikus betonkever\u0151k<\/h2>\t\t\t\t<\/div>\n\t\t\t\t<div class=\"elementor-element elementor-element-f10abe0 elementor-widget elementor-widget-text-editor\" data-id=\"f10abe0\" data-element_type=\"widget\" data-e-type=\"widget\" data-widget_type=\"text-editor.default\">\n\t\t\t\t\t\t\t\t\t<strong>Massz\u00edv kivitel \u2013 megb\u00edzhat\u00f3s\u00e1g minden r\u00e9szletben.<\/strong><br>\nA Bay Lynx kever\u0151k a legmagasabb min\u0151s\u00e9g\u0171 berendez\u00e9sek, amelyeket \u00fagy terveztek, hogy pontosan, hat\u00e9konyan \u00e9s hibamentesen m\u0171k\u00f6djenek b\u00e1rmilyen \u00e9p\u00edt\u00e9si k\u00f6r\u00fclm\u00e9ny k\u00f6z\u00f6tt.\t\t\t\t\t\t\t\t<\/div>\n\t\t\t\t<div class=\"elementor-element elementor-element-bbab709 elementor-align-left elementor-mobile-align-center elementor-widget elementor-widget-button\" data-id=\"bbab709\" data-element_type=\"widget\" data-e-type=\"widget\" data-widget_type=\"button.default\">\n\t\t\t\t\t\t\t\t\t\t<a class=\"elementor-button elementor-button-link elementor-size-sm\" href=\"\/hu\/termekek\/\">\n\t\t\t\t\t\t<span class=\"elementor-button-content-wrapper\">\n\t\t\t\t\t\t\t\t\t<span class=\"elementor-button-text\">Fedezze fel a lehet\u0151s\u00e9geket<\/span>\n\t\t\t\t\t<\/span>\n\t\t\t\t\t<\/a>\n\t\t\t\t\t\t\t\t<\/div>\n\t\t\t\t\t<\/div>\n\t\t\t\t<\/div>\n\t\t\t\t\t<\/div>\n\t\t\t\t<\/div>\n\t\t<div class=\"elementor-element elementor-element-c07fc88 elementor-hidden-mobile e-flex e-con-boxed e-con e-parent\" data-id=\"c07fc88\" data-element_type=\"container\" data-e-type=\"container\">\n\t\t\t\t\t<div class=\"e-con-inner\">\n\t\t<div class=\"elementor-element elementor-element-e173ace e-con-full e-flex e-con e-child\" data-id=\"e173ace\" data-element_type=\"container\" data-e-type=\"container\" data-settings=\"{&quot;background_background&quot;:&quot;classic&quot;}\">\n\t\t\t\t<div class=\"elementor-element elementor-element-7ab3a20 elementor-widget elementor-widget-heading\" data-id=\"7ab3a20\" data-element_type=\"widget\" data-e-type=\"widget\" data-widget_type=\"heading.default\">\n\t\t\t\t\t<h2 class=\"elementor-heading-title elementor-size-default\">Alkatr\u00e9szek \u00e9s szerviz<\/h2>\t\t\t\t<\/div>\n\t\t\t\t<div class=\"elementor-element elementor-element-278cf98 elementor-widget elementor-widget-text-editor\" data-id=\"278cf98\" data-element_type=\"widget\" data-e-type=\"widget\" data-widget_type=\"text-editor.default\">\n\t\t\t\t\t\t\t\t\t<strong>T\u00e1mogat\u00e1s, amelyre minden nap sz\u00e1m\u00edthat.<\/strong><br>\nA Bay Lynx berendez\u00e9se nemcsak megb\u00edzhat\u00f3s\u00e1got jelent, hanem azt a biztos\u00edt\u00e9kot is, hogy mindig hozz\u00e1f\u00e9rhet alkatr\u00e9szekhez \u00e9s professzion\u00e1lis szervizhez. Tudjuk, hogy minden meghib\u00e1sod\u00e1s le\u00e1ll\u00e1st \u00e9s val\u00f3di k\u00f6lts\u00e9geket jelent, ez\u00e9rt gyors t\u00e1mogat\u00e1st \u00e9s a legmagasabb min\u0151s\u00e9g\u0171 alkatr\u00e9szeket k\u00edn\u00e1lunk annak \u00e9rdek\u00e9ben, hogy g\u00e9pei folyamatosan m\u0171k\u00f6djenek.\t\t\t\t\t\t\t\t<\/div>\n\t\t\t\t<div class=\"elementor-element elementor-element-aac7ec7 elementor-align-left elementor-widget elementor-widget-button\" data-id=\"aac7ec7\" data-element_type=\"widget\" data-e-type=\"widget\" data-widget_type=\"button.default\">\n\t\t\t\t\t\t\t\t\t\t<a class=\"elementor-button elementor-button-link elementor-size-sm\" href=\"\/hu\/alkatreszek-es-szerviz\/\">\n\t\t\t\t\t\t<span class=\"elementor-button-content-wrapper\">\n\t\t\t\t\t\t\t\t\t<span class=\"elementor-button-text\">Tudjon meg t\u00f6bbet<\/span>\n\t\t\t\t\t<\/span>\n\t\t\t\t\t<\/a>\n\t\t\t\t\t\t\t\t<\/div>\n\t\t\t\t<\/div>\n\t\t<div class=\"elementor-element elementor-element-e5fb5f0 e-con-full e-flex elementor-invisible e-con e-child\" data-id=\"e5fb5f0\" data-element_type=\"container\" data-e-type=\"container\" data-settings=\"{&quot;background_background&quot;:&quot;classic&quot;,&quot;animation&quot;:&quot;fadeInRight&quot;}\">\n\t\t\t\t<\/div>\n\t\t\t\t\t<\/div>\n\t\t\t\t<\/div>\n\t\t<div class=\"elementor-element elementor-element-238f72c elementor-hidden-desktop elementor-hidden-tablet e-flex e-con-boxed e-con e-parent\" data-id=\"238f72c\" data-element_type=\"container\" data-e-type=\"container\">\n\t\t\t\t\t<div class=\"e-con-inner\">\n\t\t<div class=\"elementor-element elementor-element-f5bf2c4 e-con-full e-flex elementor-invisible e-con e-child\" data-id=\"f5bf2c4\" data-element_type=\"container\" data-e-type=\"container\" data-settings=\"{&quot;background_background&quot;:&quot;classic&quot;,&quot;animation&quot;:&quot;fadeInRight&quot;}\">\n\t\t\t\t<\/div>\n\t\t<div class=\"elementor-element elementor-element-4df6097 e-con-full e-flex e-con e-child\" data-id=\"4df6097\" data-element_type=\"container\" data-e-type=\"container\" data-settings=\"{&quot;background_background&quot;:&quot;classic&quot;}\">\n\t\t\t\t<div class=\"elementor-element elementor-element-4b8d28b elementor-widget elementor-widget-heading\" data-id=\"4b8d28b\" data-element_type=\"widget\" data-e-type=\"widget\" data-widget_type=\"heading.default\">\n\t\t\t\t\t<h2 class=\"elementor-heading-title elementor-size-default\">Alkatr\u00e9szek \u00e9s szerviz<\/h2>\t\t\t\t<\/div>\n\t\t\t\t<div class=\"elementor-element elementor-element-ba57063 elementor-widget elementor-widget-text-editor\" data-id=\"ba57063\" data-element_type=\"widget\" data-e-type=\"widget\" data-widget_type=\"text-editor.default\">\n\t\t\t\t\t\t\t\t\t<strong>T\u00e1mogat\u00e1s, amelyre minden nap sz\u00e1m\u00edthat.<\/strong><br>\nA Bay Lynx berendez\u00e9se nemcsak megb\u00edzhat\u00f3s\u00e1got jelent, hanem azt a biztos\u00edt\u00e9kot is, hogy mindig hozz\u00e1f\u00e9rhet alkatr\u00e9szekhez \u00e9s professzion\u00e1lis szervizhez. Tudjuk, hogy minden meghib\u00e1sod\u00e1s le\u00e1ll\u00e1st \u00e9s val\u00f3di k\u00f6lts\u00e9geket jelent, ez\u00e9rt gyors t\u00e1mogat\u00e1st \u00e9s a legmagasabb min\u0151s\u00e9g\u0171 alkatr\u00e9szeket k\u00edn\u00e1lunk annak \u00e9rdek\u00e9ben, hogy g\u00e9pei folyamatosan m\u0171k\u00f6djenek.\t\t\t\t\t\t\t\t<\/div>\n\t\t\t\t<div class=\"elementor-element elementor-element-ba08c7b elementor-align-left elementor-mobile-align-center elementor-widget elementor-widget-button\" data-id=\"ba08c7b\" data-element_type=\"widget\" data-e-type=\"widget\" data-widget_type=\"button.default\">\n\t\t\t\t\t\t\t\t\t\t<a class=\"elementor-button elementor-button-link elementor-size-sm\" href=\"\/hu\/alkatreszek-es-szerviz\/\">\n\t\t\t\t\t\t<span class=\"elementor-button-content-wrapper\">\n\t\t\t\t\t\t\t\t\t<span class=\"elementor-button-text\">Tudjon meg t\u00f6bbet<\/span>\n\t\t\t\t\t<\/span>\n\t\t\t\t\t<\/a>\n\t\t\t\t\t\t\t\t<\/div>\n\t\t\t\t<\/div>\n\t\t\t\t\t<\/div>\n\t\t\t\t<\/div>\n\t\t\t\t<\/div>\n\t\t","protected":false},"excerpt":{"rendered":"<p>Bay Lynx betonkever\u0151k G\u00e9pek, amelyek az \u00d6n \u00fczlet\u00e9t \u00e9p\u00edtik. I A Bay Lynx betonkever\u0151k megb\u00edzhat\u00f3 berendez\u00e9sek, amelyek k\u00f6zvetlen\u00fcl az \u00e9p\u00edtkez\u00e9sen biztos\u00edtj\u00e1k a beton pontos el\u0151k\u00e9sz\u00edt\u00e9s\u00e9t. Bay Lynx volumetrikus betonkever\u0151k Massz\u00edv kivitel \u2013 megb\u00edzhat\u00f3s\u00e1g minden r\u00e9szletben. A Bay Lynx kever\u0151k a legmagasabb min\u0151s\u00e9g\u0171 berendez\u00e9sek, amelyeket \u00fagy terveztek, hogy pontosan, hat\u00e9konyan \u00e9s hibamentesen m\u0171k\u00f6djenek b\u00e1rmilyen \u00e9p\u00edt\u00e9si k\u00f6r\u00fclm\u00e9ny [&hellip;]<\/p>\n","protected":false},"author":1,"featured_media":0,"parent":0,"menu_order":0,"comment_status":"closed","ping_status":"closed","template":"elementor_header_footer","meta":{"footnotes":""},"class_list":["post-7","page","type-page","status-publish","hentry"],"_links":{"self":[{"href":"https:\/\/ecomixtech.com\/hu\/wp-json\/wp\/v2\/pages\/7","targetHints":{"allow":["GET"]}}],"collection":[{"href":"https:\/\/ecomixtech.com\/hu\/wp-json\/wp\/v2\/pages"}],"about":[{"href":"https:\/\/ecomixtech.com\/hu\/wp-json\/wp\/v2\/types\/page"}],"author":[{"embeddable":true,"href":"https:\/\/ecomixtech.com\/hu\/wp-json\/wp\/v2\/users\/1"}],"replies":[{"embeddable":true,"href":"https:\/\/ecomixtech.com\/hu\/wp-json\/wp\/v2\/comments?post=7"}],"version-history":[{"count":235,"href":"https:\/\/ecomixtech.com\/hu\/wp-json\/wp\/v2\/pages\/7\/revisions"}],"predecessor-version":[{"id":935,"href":"https:\/\/ecomixtech.com\/hu\/wp-json\/wp\/v2\/pages\/7\/revisions\/935"}],"wp:attachment":[{"href":"https:\/\/ecomixtech.com\/hu\/wp-json\/wp\/v2\/media?parent=7"}],"curies":[{"name":"wp","href":"https:\/\/api.w.org\/{rel}","templated":true}]}}