{"id":427,"date":"2025-09-01T19:49:27","date_gmt":"2025-09-01T19:49:27","guid":{"rendered":"https:\/\/ecomixtech.com\/lt\/?page_id=427"},"modified":"2025-09-03T11:01:46","modified_gmt":"2025-09-03T11:01:46","slug":"produktai","status":"publish","type":"page","link":"https:\/\/ecomixtech.com\/lt\/produktai\/","title":{"rendered":"produktai"},"content":{"rendered":"\t\t<div data-elementor-type=\"wp-page\" data-elementor-id=\"427\" class=\"elementor elementor-427\">\n\t\t\t\t<div class=\"elementor-element elementor-element-9427f14 e-con-full e-flex e-con e-parent\" data-id=\"9427f14\" data-element_type=\"container\" data-e-type=\"container\">\n\t\t<div class=\"elementor-element elementor-element-6592fb7 e-con-full e-flex e-con e-child\" data-id=\"6592fb7\" data-element_type=\"container\" data-e-type=\"container\" data-settings=\"{&quot;background_background&quot;:&quot;classic&quot;,&quot;shape_divider_bottom&quot;:&quot;triangle&quot;,&quot;shape_divider_bottom_negative&quot;:&quot;yes&quot;}\">\n\t\t\t\t<div class=\"elementor-shape elementor-shape-bottom\" aria-hidden=\"true\" data-negative=\"true\">\n\t\t\t<svg xmlns=\"http:\/\/www.w3.org\/2000\/svg\" viewBox=\"0 0 1000 100\" preserveAspectRatio=\"none\">\n\t<path class=\"elementor-shape-fill\" d=\"M500.2,94.7L0,0v100h1000V0L500.2,94.7z\"\/>\n<\/svg>\t\t<\/div>\n\t\t<div class=\"elementor-element elementor-element-32e6071 e-flex e-con-boxed e-con e-child\" data-id=\"32e6071\" data-element_type=\"container\" data-e-type=\"container\">\n\t\t\t\t\t<div class=\"e-con-inner\">\n\t\t\t\t<div class=\"elementor-element elementor-element-8310b90 elementor-widget elementor-widget-heading\" data-id=\"8310b90\" data-element_type=\"widget\" data-e-type=\"widget\" data-widget_type=\"heading.default\">\n\t\t\t\t\t<h2 class=\"elementor-heading-title elementor-size-default\">Susipa\u017einkite su Bay&nbsp;Lynx t\u016briniais betono mai\u0161ytuvais<\/h2>\t\t\t\t<\/div>\n\t\t\t\t<div class=\"elementor-element elementor-element-9b831b0 elementor-widget elementor-widget-text-editor\" data-id=\"9b831b0\" data-element_type=\"widget\" data-e-type=\"widget\" data-widget_type=\"text-editor.default\">\n\t\t\t\t\t\t\t\t\tVisada tobula mi\u0161inio kokyb\u0117.\t\t\t\t\t\t\t\t<\/div>\n\t\t\t\t\t<\/div>\n\t\t\t\t<\/div>\n\t\t\t\t<\/div>\n\t\t\t\t<\/div>\n\t\t<div class=\"elementor-element elementor-element-36dd6c9 e-flex e-con-boxed e-con e-parent\" data-id=\"36dd6c9\" data-element_type=\"container\" data-e-type=\"container\">\n\t\t\t\t\t<div class=\"e-con-inner\">\n\t\t\t\t<div class=\"elementor-element elementor-element-339a75b elementor-widget elementor-widget-heading\" data-id=\"339a75b\" data-element_type=\"widget\" data-e-type=\"widget\" data-widget_type=\"heading.default\">\n\t\t\t\t\t<h2 class=\"elementor-heading-title elementor-size-default\">I<\/h2>\t\t\t\t<\/div>\n\t\t\t\t\t<\/div>\n\t\t\t\t<\/div>\n\t\t<div class=\"elementor-element elementor-element-03c4531 e-flex e-con-boxed e-con e-parent\" data-id=\"03c4531\" data-element_type=\"container\" data-e-type=\"container\">\n\t\t\t\t\t<div class=\"e-con-inner\">\n\t\t<div class=\"elementor-element elementor-element-d5391a3 e-con-full e-flex e-con e-child\" data-id=\"d5391a3\" data-element_type=\"container\" data-e-type=\"container\">\n\t\t<div class=\"elementor-element elementor-element-3651efa e-con-full e-flex e-con e-child\" data-id=\"3651efa\" data-element_type=\"container\" data-e-type=\"container\">\n\t\t\t\t<div class=\"elementor-element elementor-element-62fc69c elementor-widget elementor-widget-text-editor\" data-id=\"62fc69c\" data-element_type=\"widget\" data-e-type=\"widget\" data-widget_type=\"text-editor.default\">\n\t\t\t\t\t\t\t\t\tBay Lynx t\u016brin\u0117s betono mai\u0161ykl\u0117s \u2013 tai tikslumo, taupymo ir patikimumo garantija.\t\t\t\t\t\t\t\t<\/div>\n\t\t\t\t<div class=\"elementor-element elementor-element-5e6e537 elementor-widget elementor-widget-text-editor\" data-id=\"5e6e537\" data-element_type=\"widget\" data-e-type=\"widget\" data-widget_type=\"text-editor.default\">\n\t\t\t\t\t\t\t\t\tPasitik\u0117kite patikrinta Bay Lynx technologija.\nKaip oficialus platintojas Lietuvoje, tiekiame \u012frang\u0105, atitinkan\u010di\u0105 pa\u010di\u0173 reikliausi\u0173 investuotoj\u0173 ir rangov\u0173 l\u016bkes\u010dius.\t\t\t\t\t\t\t\t<\/div>\n\t\t\t\t<\/div>\n\t\t\t\t<\/div>\n\t\t\t\t\t<\/div>\n\t\t\t\t<\/div>\n\t\t<div class=\"elementor-element elementor-element-a3d4577 e-flex e-con-boxed e-con e-parent\" data-id=\"a3d4577\" data-element_type=\"container\" data-e-type=\"container\">\n\t\t\t\t\t<div class=\"e-con-inner\">\n\t\t<div class=\"elementor-element elementor-element-203be0f e-con-full e-flex elementor-invisible e-con e-child\" data-id=\"203be0f\" data-element_type=\"container\" data-e-type=\"container\" data-settings=\"{&quot;background_background&quot;:&quot;classic&quot;,&quot;animation&quot;:&quot;fadeInLeft&quot;}\">\n\t\t\t\t<div class=\"elementor-element elementor-element-824e430 elementor-widget elementor-widget-menu-anchor\" data-id=\"824e430\" data-element_type=\"widget\" data-e-type=\"widget\" data-widget_type=\"menu-anchor.default\">\n\t\t\t\t\t\t\t<div class=\"elementor-menu-anchor\" id=\"1\"><\/div>\n\t\t\t\t\t\t<\/div>\n\t\t\t\t<\/div>\n\t\t<div class=\"elementor-element elementor-element-beb28f5 e-flex e-con-boxed e-con e-child\" data-id=\"beb28f5\" data-element_type=\"container\" data-e-type=\"container\" data-settings=\"{&quot;background_background&quot;:&quot;classic&quot;}\">\n\t\t\t\t\t<div class=\"e-con-inner\">\n\t\t\t\t<div class=\"elementor-element elementor-element-2549e5c elementor-widget elementor-widget-heading\" data-id=\"2549e5c\" data-element_type=\"widget\" data-e-type=\"widget\" data-widget_type=\"heading.default\">\n\t\t\t\t\t<h2 class=\"elementor-heading-title elementor-size-default\">Bay Lynx t\u016briniai betono mai\u0161ytuvai<\/h2>\t\t\t\t<\/div>\n\t\t\t\t<div class=\"elementor-element elementor-element-297ff2f elementor-widget elementor-widget-text-editor\" data-id=\"297ff2f\" data-element_type=\"widget\" data-e-type=\"widget\" data-widget_type=\"text-editor.default\">\n\t\t\t\t\t\t\t\t\t<strong>Mi\u0161inys tiesiog vietoje \u2013 be kompromis\u0173.<\/strong>\nD\u0117l tiksli\u0173 ir patvari\u0173 Bay Lynx mai\u0161ytuv\u0173 galite paruo\u0161ti beton\u0105 b\u016btent ten, kur jo reikia \u2013 \u0161vie\u017ei\u0105, tobulai sumai\u0161yt\u0105 ir paruo\u0161t\u0105 naudoti tiesiai statybviet\u0117je.\t\t\t\t\t\t\t\t<\/div>\n\t\t\t\t<div class=\"elementor-element elementor-element-fb8e59c elementor-align-left elementor-mobile-align-center elementor-widget elementor-widget-button\" data-id=\"fb8e59c\" data-element_type=\"widget\" data-e-type=\"widget\" data-widget_type=\"button.default\">\n\t\t\t\t\t\t\t\t\t\t<a class=\"elementor-button elementor-button-link elementor-size-sm\" href=\"\/lt\/kontaktas\/\">\n\t\t\t\t\t\t<span class=\"elementor-button-content-wrapper\">\n\t\t\t\t\t\t\t\t\t<span class=\"elementor-button-text\">Susisiekite su mumis<\/span>\n\t\t\t\t\t<\/span>\n\t\t\t\t\t<\/a>\n\t\t\t\t\t\t\t\t<\/div>\n\t\t\t\t\t<\/div>\n\t\t\t\t<\/div>\n\t\t\t\t\t<\/div>\n\t\t\t\t<\/div>\n\t\t<div class=\"elementor-element elementor-element-785592b elementor-hidden-mobile e-flex e-con-boxed e-con e-parent\" data-id=\"785592b\" data-element_type=\"container\" data-e-type=\"container\">\n\t\t\t\t\t<div class=\"e-con-inner\">\n\t\t<div class=\"elementor-element elementor-element-e63ddce e-con-full e-flex e-con e-child\" data-id=\"e63ddce\" data-element_type=\"container\" data-e-type=\"container\" data-settings=\"{&quot;background_background&quot;:&quot;classic&quot;}\">\n\t\t\t\t<div class=\"elementor-element elementor-element-cc20673 elementor-widget elementor-widget-heading\" data-id=\"cc20673\" data-element_type=\"widget\" data-e-type=\"widget\" data-widget_type=\"heading.default\">\n\t\t\t\t\t<h2 class=\"elementor-heading-title elementor-size-default\">Anhidrito grind\u0173 betono mai\u0161ytuvai<\/h2>\t\t\t\t<\/div>\n\t\t\t\t<div class=\"elementor-element elementor-element-79f859b elementor-widget elementor-widget-text-editor\" data-id=\"79f859b\" data-element_type=\"widget\" data-e-type=\"widget\" data-widget_type=\"text-editor.default\">\n\t\t\t\t\t\t\t\t\t<strong>Tobulas mi\u0161inys. Tobula grind\u0173 dangos kokyb\u0117.<\/strong>\nBay Lynx \u2013 tai tikslumas, kuris svarbus. Anhidrito betono mai\u0161ytuvai garantuoja vienod\u0105, \u0161vie\u017ei\u0105 mi\u0161in\u012f ir eliminuoja vykdymo klaidas.\t\t\t\t\t\t\t\t<\/div>\n\t\t\t\t<div class=\"elementor-element elementor-element-f622f28 elementor-align-left elementor-mobile-align-center elementor-widget elementor-widget-button\" data-id=\"f622f28\" data-element_type=\"widget\" data-e-type=\"widget\" data-widget_type=\"button.default\">\n\t\t\t\t\t\t\t\t\t\t<a class=\"elementor-button elementor-button-link elementor-size-sm\" href=\"\/lt\/kontaktas\/\">\n\t\t\t\t\t\t<span class=\"elementor-button-content-wrapper\">\n\t\t\t\t\t\t\t\t\t<span class=\"elementor-button-text\">Susisiekite su mumis<\/span>\n\t\t\t\t\t<\/span>\n\t\t\t\t\t<\/a>\n\t\t\t\t\t\t\t\t<\/div>\n\t\t\t\t<\/div>\n\t\t<div class=\"elementor-element elementor-element-6dc18dd e-con-full e-flex elementor-invisible e-con e-child\" data-id=\"6dc18dd\" data-element_type=\"container\" data-e-type=\"container\" data-settings=\"{&quot;background_background&quot;:&quot;classic&quot;,&quot;animation&quot;:&quot;fadeInRight&quot;}\">\n\t\t\t\t<div class=\"elementor-element elementor-element-62c6940 elementor-widget elementor-widget-menu-anchor\" data-id=\"62c6940\" data-element_type=\"widget\" data-e-type=\"widget\" data-widget_type=\"menu-anchor.default\">\n\t\t\t\t\t\t\t<div class=\"elementor-menu-anchor\" id=\"2\"><\/div>\n\t\t\t\t\t\t<\/div>\n\t\t\t\t<\/div>\n\t\t\t\t\t<\/div>\n\t\t\t\t<\/div>\n\t\t<div class=\"elementor-element elementor-element-58c3ab4 elementor-hidden-desktop elementor-hidden-tablet e-flex e-con-boxed e-con e-parent\" data-id=\"58c3ab4\" data-element_type=\"container\" data-e-type=\"container\">\n\t\t\t\t\t<div class=\"e-con-inner\">\n\t\t<div class=\"elementor-element elementor-element-41df445 e-con-full e-flex elementor-invisible e-con e-child\" data-id=\"41df445\" data-element_type=\"container\" data-e-type=\"container\" data-settings=\"{&quot;background_background&quot;:&quot;classic&quot;,&quot;animation&quot;:&quot;fadeInLeft&quot;}\">\n\t\t\t\t<div class=\"elementor-element elementor-element-116e273 elementor-widget elementor-widget-menu-anchor\" data-id=\"116e273\" data-element_type=\"widget\" data-e-type=\"widget\" data-widget_type=\"menu-anchor.default\">\n\t\t\t\t\t\t\t<div class=\"elementor-menu-anchor\" id=\"4\"><\/div>\n\t\t\t\t\t\t<\/div>\n\t\t\t\t<\/div>\n\t\t<div class=\"elementor-element elementor-element-aefec50 e-flex e-con-boxed e-con e-child\" data-id=\"aefec50\" data-element_type=\"container\" data-e-type=\"container\" data-settings=\"{&quot;background_background&quot;:&quot;classic&quot;}\">\n\t\t\t\t\t<div class=\"e-con-inner\">\n\t\t\t\t<div class=\"elementor-element elementor-element-11ba328 elementor-widget elementor-widget-heading\" data-id=\"11ba328\" data-element_type=\"widget\" data-e-type=\"widget\" data-widget_type=\"heading.default\">\n\t\t\t\t\t<h2 class=\"elementor-heading-title elementor-size-default\">Anhidrito grind\u0173 betono mai\u0161ytuvai<\/h2>\t\t\t\t<\/div>\n\t\t\t\t<div class=\"elementor-element elementor-element-fb19885 elementor-widget elementor-widget-text-editor\" data-id=\"fb19885\" data-element_type=\"widget\" data-e-type=\"widget\" data-widget_type=\"text-editor.default\">\n\t\t\t\t\t\t\t\t\t<strong>Tobulas mi\u0161inys. Tobula grind\u0173 dangos kokyb\u0117.<\/strong><br>\nBay Lynx \u2013 tai tikslumas, kuris svarbus. Anhidrito betono mai\u0161ytuvai garantuoja vienod\u0105, \u0161vie\u017ei\u0105 mi\u0161in\u012f ir eliminuoja vykdymo klaidas.\t\t\t\t\t\t\t\t<\/div>\n\t\t\t\t<div class=\"elementor-element elementor-element-8dffe3c elementor-align-left elementor-mobile-align-center elementor-widget elementor-widget-button\" data-id=\"8dffe3c\" data-element_type=\"widget\" data-e-type=\"widget\" data-widget_type=\"button.default\">\n\t\t\t\t\t\t\t\t\t\t<a class=\"elementor-button elementor-button-link elementor-size-sm\" href=\"\/lt\/kontaktas\/\">\n\t\t\t\t\t\t<span class=\"elementor-button-content-wrapper\">\n\t\t\t\t\t\t\t\t\t<span class=\"elementor-button-text\">Susisiekite su mumis<\/span>\n\t\t\t\t\t<\/span>\n\t\t\t\t\t<\/a>\n\t\t\t\t\t\t\t\t<\/div>\n\t\t\t\t\t<\/div>\n\t\t\t\t<\/div>\n\t\t\t\t\t<\/div>\n\t\t\t\t<\/div>\n\t\t<div class=\"elementor-element elementor-element-091ec4d e-flex e-con-boxed e-con e-parent\" data-id=\"091ec4d\" data-element_type=\"container\" data-e-type=\"container\">\n\t\t\t\t\t<div class=\"e-con-inner\">\n\t\t<div class=\"elementor-element elementor-element-b5f7627 e-con-full e-flex elementor-invisible e-con e-child\" data-id=\"b5f7627\" data-element_type=\"container\" data-e-type=\"container\" data-settings=\"{&quot;background_background&quot;:&quot;classic&quot;,&quot;animation&quot;:&quot;fadeInLeft&quot;}\">\n\t\t\t\t<div class=\"elementor-element elementor-element-fd20ac6 elementor-widget elementor-widget-menu-anchor\" data-id=\"fd20ac6\" data-element_type=\"widget\" data-e-type=\"widget\" data-widget_type=\"menu-anchor.default\">\n\t\t\t\t\t\t\t<div class=\"elementor-menu-anchor\" id=\"3\"><\/div>\n\t\t\t\t\t\t<\/div>\n\t\t\t\t<\/div>\n\t\t<div class=\"elementor-element elementor-element-17a22aa e-flex e-con-boxed e-con e-child\" data-id=\"17a22aa\" data-element_type=\"container\" data-e-type=\"container\" data-settings=\"{&quot;background_background&quot;:&quot;classic&quot;}\">\n\t\t\t\t\t<div class=\"e-con-inner\">\n\t\t\t\t<div class=\"elementor-element elementor-element-bba0a64 elementor-widget elementor-widget-heading\" data-id=\"bba0a64\" data-element_type=\"widget\" data-e-type=\"widget\" data-widget_type=\"heading.default\">\n\t\t\t\t\t<h2 class=\"elementor-heading-title elementor-size-default\">T\u016briniai betono mai\u0161ytuvai Tytan<\/h2>\t\t\t\t<\/div>\n\t\t\t\t<div class=\"elementor-element elementor-element-d9d480f elementor-widget elementor-widget-text-editor\" data-id=\"d9d480f\" data-element_type=\"widget\" data-e-type=\"widget\" data-widget_type=\"text-editor.default\">\n\t\t\t\t\t\t\t\t\tNaujas Tytan dizainas, pagamintas i\u0161 lengvos ir tvirtos Hardox\u00ae 450 plieno, leid\u017eia maksimaliai i\u0161naudoti krovini\u0173 talp\u0105, tuo pa\u010diu suma\u017einant nereikaling\u0105 svor\u012f. D\u0117l realiuoju laiku vykstan\u010dio mai\u0161ymo funkcijos Tytan suteikia visi\u0161k\u0105 lankstum\u0105, leid\u017eiant paruo\u0161ti \u012fvairius mi\u0161inius b\u016btent ten, kur j\u0173 reikia.\t\t\t\t\t\t\t\t<\/div>\n\t\t\t\t<div class=\"elementor-element elementor-element-2d00a81 elementor-align-left elementor-mobile-align-center elementor-widget elementor-widget-button\" data-id=\"2d00a81\" data-element_type=\"widget\" data-e-type=\"widget\" data-widget_type=\"button.default\">\n\t\t\t\t\t\t\t\t\t\t<a class=\"elementor-button elementor-button-link elementor-size-sm\" href=\"\/lt\/kontaktas\/\">\n\t\t\t\t\t\t<span class=\"elementor-button-content-wrapper\">\n\t\t\t\t\t\t\t\t\t<span class=\"elementor-button-text\">Susisiekite su mumis<\/span>\n\t\t\t\t\t<\/span>\n\t\t\t\t\t<\/a>\n\t\t\t\t\t\t\t\t<\/div>\n\t\t\t\t\t<\/div>\n\t\t\t\t<\/div>\n\t\t\t\t\t<\/div>\n\t\t\t\t<\/div>\n\t\t\t\t<\/div>\n\t\t","protected":false},"excerpt":{"rendered":"<p>Susipa\u017einkite su Bay&nbsp;Lynx t\u016briniais betono mai\u0161ytuvais Visada tobula mi\u0161inio kokyb\u0117. I Bay Lynx t\u016brin\u0117s betono mai\u0161ykl\u0117s \u2013 tai tikslumo, taupymo ir patikimumo garantija.Pasitik\u0117kite patikrinta Bay Lynx technologija. Kaip oficialus platintojas Lietuvoje, tiekiame \u012frang\u0105, atitinkan\u010di\u0105 pa\u010di\u0173 reikliausi\u0173 investuotoj\u0173 ir rangov\u0173 l\u016bkes\u010dius. Bay Lynx t\u016briniai betono mai\u0161ytuvai Mi\u0161inys tiesiog vietoje \u2013 be kompromis\u0173. D\u0117l tiksli\u0173 ir patvari\u0173 [&hellip;]<\/p>\n","protected":false},"author":1,"featured_media":0,"parent":0,"menu_order":0,"comment_status":"closed","ping_status":"closed","template":"elementor_header_footer","meta":{"footnotes":""},"class_list":["post-427","page","type-page","status-publish","hentry"],"_links":{"self":[{"href":"https:\/\/ecomixtech.com\/lt\/wp-json\/wp\/v2\/pages\/427","targetHints":{"allow":["GET"]}}],"collection":[{"href":"https:\/\/ecomixtech.com\/lt\/wp-json\/wp\/v2\/pages"}],"about":[{"href":"https:\/\/ecomixtech.com\/lt\/wp-json\/wp\/v2\/types\/page"}],"author":[{"embeddable":true,"href":"https:\/\/ecomixtech.com\/lt\/wp-json\/wp\/v2\/users\/1"}],"replies":[{"embeddable":true,"href":"https:\/\/ecomixtech.com\/lt\/wp-json\/wp\/v2\/comments?post=427"}],"version-history":[{"count":113,"href":"https:\/\/ecomixtech.com\/lt\/wp-json\/wp\/v2\/pages\/427\/revisions"}],"predecessor-version":[{"id":913,"href":"https:\/\/ecomixtech.com\/lt\/wp-json\/wp\/v2\/pages\/427\/revisions\/913"}],"wp:attachment":[{"href":"https:\/\/ecomixtech.com\/lt\/wp-json\/wp\/v2\/media?parent=427"}],"curies":[{"name":"wp","href":"https:\/\/api.w.org\/{rel}","templated":true}]}}