{"id":7,"date":"2025-09-01T10:28:09","date_gmt":"2025-09-01T10:28:09","guid":{"rendered":"https:\/\/ecomixtech.com\/lt\/?page_id=7"},"modified":"2025-09-05T05:12:04","modified_gmt":"2025-09-05T05:12:04","slug":"home","status":"publish","type":"page","link":"https:\/\/ecomixtech.com\/lt\/","title":{"rendered":"Home"},"content":{"rendered":"\t\t<div data-elementor-type=\"wp-page\" data-elementor-id=\"7\" class=\"elementor elementor-7\">\n\t\t\t\t<div class=\"elementor-element elementor-element-448c1ed e-con-full e-flex e-con e-parent\" data-id=\"448c1ed\" data-element_type=\"container\" data-e-type=\"container\">\n\t\t<div class=\"elementor-element elementor-element-1f2c57a e-con-full e-flex e-con e-child\" data-id=\"1f2c57a\" data-element_type=\"container\" data-e-type=\"container\" data-settings=\"{&quot;background_background&quot;:&quot;classic&quot;,&quot;shape_divider_bottom&quot;:&quot;triangle&quot;,&quot;shape_divider_bottom_negative&quot;:&quot;yes&quot;}\">\n\t\t\t\t<div class=\"elementor-shape elementor-shape-bottom\" aria-hidden=\"true\" data-negative=\"true\">\n\t\t\t<svg xmlns=\"http:\/\/www.w3.org\/2000\/svg\" viewBox=\"0 0 1000 100\" preserveAspectRatio=\"none\">\n\t<path class=\"elementor-shape-fill\" d=\"M500.2,94.7L0,0v100h1000V0L500.2,94.7z\"\/>\n<\/svg>\t\t<\/div>\n\t\t<div class=\"elementor-element elementor-element-68f1318 e-flex e-con-boxed e-con e-child\" data-id=\"68f1318\" data-element_type=\"container\" data-e-type=\"container\">\n\t\t\t\t\t<div class=\"e-con-inner\">\n\t\t\t\t<div class=\"elementor-element elementor-element-18ea526 elementor-widget elementor-widget-heading\" data-id=\"18ea526\" data-element_type=\"widget\" data-e-type=\"widget\" data-widget_type=\"heading.default\">\n\t\t\t\t\t<h2 class=\"elementor-heading-title elementor-size-default\">Betono mai\u0161ytuvai Bay&nbsp;Lynx<\/h2>\t\t\t\t<\/div>\n\t\t\t\t<div class=\"elementor-element elementor-element-1d468b8 elementor-widget elementor-widget-text-editor\" data-id=\"1d468b8\" data-element_type=\"widget\" data-e-type=\"widget\" data-widget_type=\"text-editor.default\">\n\t\t\t\t\t\t\t\t\tMa\u0161inos, kurios kuria j\u016bs\u0173 versl\u0105.\t\t\t\t\t\t\t\t<\/div>\n\t\t\t\t\t<\/div>\n\t\t\t\t<\/div>\n\t\t\t\t<\/div>\n\t\t\t\t<\/div>\n\t\t<div class=\"elementor-element elementor-element-23c3d78 e-flex e-con-boxed e-con e-parent\" data-id=\"23c3d78\" data-element_type=\"container\" data-e-type=\"container\">\n\t\t\t\t\t<div class=\"e-con-inner\">\n\t\t\t\t<div class=\"elementor-element elementor-element-068b046 elementor-widget elementor-widget-heading\" data-id=\"068b046\" data-element_type=\"widget\" data-e-type=\"widget\" data-widget_type=\"heading.default\">\n\t\t\t\t\t<h2 class=\"elementor-heading-title elementor-size-default\">I<\/h2>\t\t\t\t<\/div>\n\t\t\t\t\t<\/div>\n\t\t\t\t<\/div>\n\t\t<div class=\"elementor-element elementor-element-ecb4852 e-flex e-con-boxed e-con e-parent\" data-id=\"ecb4852\" data-element_type=\"container\" data-e-type=\"container\">\n\t\t\t\t\t<div class=\"e-con-inner\">\n\t\t<div class=\"elementor-element elementor-element-3374920 e-con-full e-flex e-con e-child\" data-id=\"3374920\" data-element_type=\"container\" data-e-type=\"container\">\n\t\t\t\t<div class=\"elementor-element elementor-element-7647d5a elementor-widget elementor-widget-text-editor\" data-id=\"7647d5a\" data-element_type=\"widget\" data-e-type=\"widget\" data-widget_type=\"text-editor.default\">\n\t\t\t\t\t\t\t\t\tBay Lynx betono mai\u0161ytuvai \u2013 patikima \u012franga tiksliai betonui paruo\u0161ti tiesiai statybos aik\u0161tel\u0117je.\t\t\t\t\t\t\t\t<\/div>\n\t\t\t\t<\/div>\n\t\t\t\t\t<\/div>\n\t\t\t\t<\/div>\n\t\t<div class=\"elementor-element elementor-element-40f2035 e-flex e-con-boxed e-con e-parent\" data-id=\"40f2035\" data-element_type=\"container\" data-e-type=\"container\">\n\t\t\t\t\t<div class=\"e-con-inner\">\n\t\t<div class=\"elementor-element elementor-element-4bbbb37 e-con-full e-flex elementor-invisible e-con e-child\" data-id=\"4bbbb37\" data-element_type=\"container\" data-e-type=\"container\" data-settings=\"{&quot;background_background&quot;:&quot;classic&quot;,&quot;animation&quot;:&quot;fadeInLeft&quot;}\">\n\t\t\t\t<\/div>\n\t\t<div class=\"elementor-element elementor-element-d757f23 e-flex e-con-boxed e-con e-child\" data-id=\"d757f23\" data-element_type=\"container\" data-e-type=\"container\" data-settings=\"{&quot;background_background&quot;:&quot;classic&quot;}\">\n\t\t\t\t\t<div class=\"e-con-inner\">\n\t\t\t\t<div class=\"elementor-element elementor-element-6e7b383 elementor-widget elementor-widget-heading\" data-id=\"6e7b383\" data-element_type=\"widget\" data-e-type=\"widget\" data-widget_type=\"heading.default\">\n\t\t\t\t\t<h2 class=\"elementor-heading-title elementor-size-default\">Bay Lynx t\u016briniai betono mai\u0161ytuvai<\/h2>\t\t\t\t<\/div>\n\t\t\t\t<div class=\"elementor-element elementor-element-f10abe0 elementor-widget elementor-widget-text-editor\" data-id=\"f10abe0\" data-element_type=\"widget\" data-e-type=\"widget\" data-widget_type=\"text-editor.default\">\n\t\t\t\t\t\t\t\t\t<strong>Solidne wykonanie \u2013 niezawodno\u015b\u0107 w ka\u017cdym detalu.<\/strong><br>\nBay Lynx mai\u0161ytuvai \u2013 auk\u0161\u010diausios kokyb\u0117s \u012franga, sukurta taip, kad veikt\u0173 tiksliai, efektyviai ir be gedim\u0173 bet kokiomis statybos s\u0105lygomis.\t\t\t\t\t\t\t\t<\/div>\n\t\t\t\t<div class=\"elementor-element elementor-element-bbab709 elementor-align-left elementor-mobile-align-center elementor-widget elementor-widget-button\" data-id=\"bbab709\" data-element_type=\"widget\" data-e-type=\"widget\" data-widget_type=\"button.default\">\n\t\t\t\t\t\t\t\t\t\t<a class=\"elementor-button elementor-button-link elementor-size-sm\" href=\"\/lt\/produktai\/\">\n\t\t\t\t\t\t<span class=\"elementor-button-content-wrapper\">\n\t\t\t\t\t\t\t\t\t<span class=\"elementor-button-text\">Atraskite galimybes<\/span>\n\t\t\t\t\t<\/span>\n\t\t\t\t\t<\/a>\n\t\t\t\t\t\t\t\t<\/div>\n\t\t\t\t\t<\/div>\n\t\t\t\t<\/div>\n\t\t\t\t\t<\/div>\n\t\t\t\t<\/div>\n\t\t<div class=\"elementor-element elementor-element-c07fc88 elementor-hidden-mobile e-flex e-con-boxed e-con e-parent\" data-id=\"c07fc88\" data-element_type=\"container\" data-e-type=\"container\">\n\t\t\t\t\t<div class=\"e-con-inner\">\n\t\t<div class=\"elementor-element elementor-element-e173ace e-con-full e-flex e-con e-child\" data-id=\"e173ace\" data-element_type=\"container\" data-e-type=\"container\" data-settings=\"{&quot;background_background&quot;:&quot;classic&quot;}\">\n\t\t\t\t<div class=\"elementor-element elementor-element-7ab3a20 elementor-widget elementor-widget-heading\" data-id=\"7ab3a20\" data-element_type=\"widget\" data-e-type=\"widget\" data-widget_type=\"heading.default\">\n\t\t\t\t\t<h2 class=\"elementor-heading-title elementor-size-default\">Dalys ir servisas<\/h2>\t\t\t\t<\/div>\n\t\t\t\t<div class=\"elementor-element elementor-element-278cf98 elementor-widget elementor-widget-text-editor\" data-id=\"278cf98\" data-element_type=\"widget\" data-e-type=\"widget\" data-widget_type=\"text-editor.default\">\n\t\t\t\t\t\t\t\t\t<strong>Parama, kuria galite pasikliauti kiekvien\u0105 dien\u0105.<\/strong><br>\nBay Lynx \u012franga \u2013 tai ne tik patikimumas, bet ir u\u017etikrinimas, kad visada turite prieig\u0105 prie detali\u0173 ir profesionalaus serviso. \u017dinome, kad kiekvienas gedimas rei\u0161kia prastov\u0105 ir realias s\u0105naudas, tod\u0117l si\u016blome greit\u0105 pagalb\u0105 ir auk\u0161\u010diausios kokyb\u0117s komponentus, kad j\u016bs\u0173 ma\u0161inos veikt\u0173 be pertrauk\u0173.\t\t\t\t\t\t\t\t<\/div>\n\t\t\t\t<div class=\"elementor-element elementor-element-aac7ec7 elementor-align-left elementor-widget elementor-widget-button\" data-id=\"aac7ec7\" data-element_type=\"widget\" data-e-type=\"widget\" data-widget_type=\"button.default\">\n\t\t\t\t\t\t\t\t\t\t<a class=\"elementor-button elementor-button-link elementor-size-sm\" href=\"\/lt\/dalys-ir-servisas\/\">\n\t\t\t\t\t\t<span class=\"elementor-button-content-wrapper\">\n\t\t\t\t\t\t\t\t\t<span class=\"elementor-button-text\">Su\u017einokite daugiau<\/span>\n\t\t\t\t\t<\/span>\n\t\t\t\t\t<\/a>\n\t\t\t\t\t\t\t\t<\/div>\n\t\t\t\t<\/div>\n\t\t<div class=\"elementor-element elementor-element-e5fb5f0 e-con-full e-flex elementor-invisible e-con e-child\" data-id=\"e5fb5f0\" data-element_type=\"container\" data-e-type=\"container\" data-settings=\"{&quot;background_background&quot;:&quot;classic&quot;,&quot;animation&quot;:&quot;fadeInRight&quot;}\">\n\t\t\t\t<\/div>\n\t\t\t\t\t<\/div>\n\t\t\t\t<\/div>\n\t\t<div class=\"elementor-element elementor-element-238f72c elementor-hidden-desktop elementor-hidden-tablet e-flex e-con-boxed e-con e-parent\" data-id=\"238f72c\" data-element_type=\"container\" data-e-type=\"container\">\n\t\t\t\t\t<div class=\"e-con-inner\">\n\t\t<div class=\"elementor-element elementor-element-f5bf2c4 e-con-full e-flex elementor-invisible e-con e-child\" data-id=\"f5bf2c4\" data-element_type=\"container\" data-e-type=\"container\" data-settings=\"{&quot;background_background&quot;:&quot;classic&quot;,&quot;animation&quot;:&quot;fadeInRight&quot;}\">\n\t\t\t\t<\/div>\n\t\t<div class=\"elementor-element elementor-element-4df6097 e-con-full e-flex e-con e-child\" data-id=\"4df6097\" data-element_type=\"container\" data-e-type=\"container\" data-settings=\"{&quot;background_background&quot;:&quot;classic&quot;}\">\n\t\t\t\t<div class=\"elementor-element elementor-element-4b8d28b elementor-widget elementor-widget-heading\" data-id=\"4b8d28b\" data-element_type=\"widget\" data-e-type=\"widget\" data-widget_type=\"heading.default\">\n\t\t\t\t\t<h2 class=\"elementor-heading-title elementor-size-default\">Dalys ir servisas<\/h2>\t\t\t\t<\/div>\n\t\t\t\t<div class=\"elementor-element elementor-element-ba57063 elementor-widget elementor-widget-text-editor\" data-id=\"ba57063\" data-element_type=\"widget\" data-e-type=\"widget\" data-widget_type=\"text-editor.default\">\n\t\t\t\t\t\t\t\t\t<strong>Parama, kuria galite pasikliauti kiekvien\u0105 dien\u0105.<\/strong><br>\nBay Lynx \u012franga \u2013 tai ne tik patikimumas, bet ir u\u017etikrinimas, kad visada turite prieig\u0105 prie detali\u0173 ir profesionalaus serviso. \u017dinome, kad kiekvienas gedimas rei\u0161kia prastov\u0105 ir realias s\u0105naudas, tod\u0117l si\u016blome greit\u0105 pagalb\u0105 ir auk\u0161\u010diausios kokyb\u0117s komponentus, kad j\u016bs\u0173 ma\u0161inos veikt\u0173 be pertrauk\u0173.\t\t\t\t\t\t\t\t<\/div>\n\t\t\t\t<div class=\"elementor-element elementor-element-1aad47e elementor-align-left elementor-mobile-align-center elementor-widget elementor-widget-button\" data-id=\"1aad47e\" data-element_type=\"widget\" data-e-type=\"widget\" data-widget_type=\"button.default\">\n\t\t\t\t\t\t\t\t\t\t<a class=\"elementor-button elementor-button-link elementor-size-sm\" href=\"\/lt\/dalys-ir-servisas\/\">\n\t\t\t\t\t\t<span class=\"elementor-button-content-wrapper\">\n\t\t\t\t\t\t\t\t\t<span class=\"elementor-button-text\">Su\u017einokite daugiau<\/span>\n\t\t\t\t\t<\/span>\n\t\t\t\t\t<\/a>\n\t\t\t\t\t\t\t\t<\/div>\n\t\t\t\t<\/div>\n\t\t\t\t\t<\/div>\n\t\t\t\t<\/div>\n\t\t\t\t<\/div>\n\t\t","protected":false},"excerpt":{"rendered":"<p>Betono mai\u0161ytuvai Bay&nbsp;Lynx Ma\u0161inos, kurios kuria j\u016bs\u0173 versl\u0105. I Bay Lynx betono mai\u0161ytuvai \u2013 patikima \u012franga tiksliai betonui paruo\u0161ti tiesiai statybos aik\u0161tel\u0117je. Bay Lynx t\u016briniai betono mai\u0161ytuvai Solidne wykonanie \u2013 niezawodno\u015b\u0107 w ka\u017cdym detalu. Bay Lynx mai\u0161ytuvai \u2013 auk\u0161\u010diausios kokyb\u0117s \u012franga, sukurta taip, kad veikt\u0173 tiksliai, efektyviai ir be gedim\u0173 bet kokiomis statybos s\u0105lygomis. Atraskite [&hellip;]<\/p>\n","protected":false},"author":1,"featured_media":0,"parent":0,"menu_order":0,"comment_status":"closed","ping_status":"closed","template":"elementor_header_footer","meta":{"footnotes":""},"class_list":["post-7","page","type-page","status-publish","hentry"],"_links":{"self":[{"href":"https:\/\/ecomixtech.com\/lt\/wp-json\/wp\/v2\/pages\/7","targetHints":{"allow":["GET"]}}],"collection":[{"href":"https:\/\/ecomixtech.com\/lt\/wp-json\/wp\/v2\/pages"}],"about":[{"href":"https:\/\/ecomixtech.com\/lt\/wp-json\/wp\/v2\/types\/page"}],"author":[{"embeddable":true,"href":"https:\/\/ecomixtech.com\/lt\/wp-json\/wp\/v2\/users\/1"}],"replies":[{"embeddable":true,"href":"https:\/\/ecomixtech.com\/lt\/wp-json\/wp\/v2\/comments?post=7"}],"version-history":[{"count":220,"href":"https:\/\/ecomixtech.com\/lt\/wp-json\/wp\/v2\/pages\/7\/revisions"}],"predecessor-version":[{"id":920,"href":"https:\/\/ecomixtech.com\/lt\/wp-json\/wp\/v2\/pages\/7\/revisions\/920"}],"wp:attachment":[{"href":"https:\/\/ecomixtech.com\/lt\/wp-json\/wp\/v2\/media?parent=7"}],"curies":[{"name":"wp","href":"https:\/\/api.w.org\/{rel}","templated":true}]}}