{"id":427,"date":"2025-09-01T19:49:27","date_gmt":"2025-09-01T19:49:27","guid":{"rendered":"https:\/\/ecomixtech.com\/sk\/?page_id=427"},"modified":"2025-09-03T08:47:48","modified_gmt":"2025-09-03T08:47:48","slug":"produkty","status":"publish","type":"page","link":"https:\/\/ecomixtech.com\/sk\/produkty\/","title":{"rendered":"Produkty"},"content":{"rendered":"\t\t<div data-elementor-type=\"wp-page\" data-elementor-id=\"427\" class=\"elementor elementor-427\">\n\t\t\t\t<div class=\"elementor-element elementor-element-9427f14 e-con-full e-flex e-con e-parent\" data-id=\"9427f14\" data-element_type=\"container\" data-e-type=\"container\">\n\t\t<div class=\"elementor-element elementor-element-6592fb7 e-con-full e-flex e-con e-child\" data-id=\"6592fb7\" data-element_type=\"container\" data-e-type=\"container\" data-settings=\"{&quot;background_background&quot;:&quot;classic&quot;,&quot;shape_divider_bottom&quot;:&quot;triangle&quot;,&quot;shape_divider_bottom_negative&quot;:&quot;yes&quot;}\">\n\t\t\t\t<div class=\"elementor-shape elementor-shape-bottom\" aria-hidden=\"true\" data-negative=\"true\">\n\t\t\t<svg xmlns=\"http:\/\/www.w3.org\/2000\/svg\" viewBox=\"0 0 1000 100\" preserveAspectRatio=\"none\">\n\t<path class=\"elementor-shape-fill\" d=\"M500.2,94.7L0,0v100h1000V0L500.2,94.7z\"\/>\n<\/svg>\t\t<\/div>\n\t\t<div class=\"elementor-element elementor-element-32e6071 e-flex e-con-boxed e-con e-child\" data-id=\"32e6071\" data-element_type=\"container\" data-e-type=\"container\">\n\t\t\t\t\t<div class=\"e-con-inner\">\n\t\t\t\t<div class=\"elementor-element elementor-element-8310b90 elementor-widget elementor-widget-heading\" data-id=\"8310b90\" data-element_type=\"widget\" data-e-type=\"widget\" data-widget_type=\"heading.default\">\n\t\t\t\t\t<h2 class=\"elementor-heading-title elementor-size-default\">Spoznajte objemov\u00e9 mie\u0161a\u010dky Bay&nbsp;Lynx.<\/h2>\t\t\t\t<\/div>\n\t\t\t\t<div class=\"elementor-element elementor-element-9b831b0 elementor-widget elementor-widget-text-editor\" data-id=\"9b831b0\" data-element_type=\"widget\" data-e-type=\"widget\" data-widget_type=\"text-editor.default\">\n\t\t\t\t\t\t\t\t\tV\u017edy dokonal\u00e1 zmes.\t\t\t\t\t\t\t\t<\/div>\n\t\t\t\t\t<\/div>\n\t\t\t\t<\/div>\n\t\t\t\t<\/div>\n\t\t\t\t<\/div>\n\t\t<div class=\"elementor-element elementor-element-36dd6c9 e-flex e-con-boxed e-con e-parent\" data-id=\"36dd6c9\" data-element_type=\"container\" data-e-type=\"container\">\n\t\t\t\t\t<div class=\"e-con-inner\">\n\t\t\t\t<div class=\"elementor-element elementor-element-339a75b elementor-widget elementor-widget-heading\" data-id=\"339a75b\" data-element_type=\"widget\" data-e-type=\"widget\" data-widget_type=\"heading.default\">\n\t\t\t\t\t<h2 class=\"elementor-heading-title elementor-size-default\">I<\/h2>\t\t\t\t<\/div>\n\t\t\t\t\t<\/div>\n\t\t\t\t<\/div>\n\t\t<div class=\"elementor-element elementor-element-03c4531 e-flex e-con-boxed e-con e-parent\" data-id=\"03c4531\" data-element_type=\"container\" data-e-type=\"container\">\n\t\t\t\t\t<div class=\"e-con-inner\">\n\t\t<div class=\"elementor-element elementor-element-d5391a3 e-con-full e-flex e-con e-child\" data-id=\"d5391a3\" data-element_type=\"container\" data-e-type=\"container\">\n\t\t<div class=\"elementor-element elementor-element-3651efa e-con-full e-flex e-con e-child\" data-id=\"3651efa\" data-element_type=\"container\" data-e-type=\"container\">\n\t\t\t\t<div class=\"elementor-element elementor-element-62fc69c elementor-widget elementor-widget-text-editor\" data-id=\"62fc69c\" data-element_type=\"widget\" data-e-type=\"widget\" data-widget_type=\"text-editor.default\">\n\t\t\t\t\t\t\t\t\tObjemov\u00e9 mie\u0161a\u010dky Bay Lynx s\u00fa z\u00e1rukou presnosti, \u00faspory a spo\u013eahlivosti.\t\t\t\t\t\t\t\t<\/div>\n\t\t\t\t<div class=\"elementor-element elementor-element-5e6e537 elementor-widget elementor-widget-text-editor\" data-id=\"5e6e537\" data-element_type=\"widget\" data-e-type=\"widget\" data-widget_type=\"text-editor.default\">\n\t\t\t\t\t\t\t\t\tD\u00f4verujte overenej technol\u00f3gii Bay Lynx.<br>\nAko ofici\u00e1lny distrib\u00fator na Slovensku dod\u00e1vame zariadenia, ktor\u00e9 sp\u013a\u0148aj\u00fa o\u010dak\u00e1vania t\u00fdch najn\u00e1ro\u010dnej\u0161\u00edch investorov a dod\u00e1vate\u013eov.\t\t\t\t\t\t\t\t<\/div>\n\t\t\t\t<\/div>\n\t\t\t\t<\/div>\n\t\t\t\t\t<\/div>\n\t\t\t\t<\/div>\n\t\t<div class=\"elementor-element elementor-element-a3d4577 e-flex e-con-boxed e-con e-parent\" data-id=\"a3d4577\" data-element_type=\"container\" data-e-type=\"container\">\n\t\t\t\t\t<div class=\"e-con-inner\">\n\t\t<div class=\"elementor-element elementor-element-203be0f e-con-full e-flex elementor-invisible e-con e-child\" data-id=\"203be0f\" data-element_type=\"container\" data-e-type=\"container\" data-settings=\"{&quot;background_background&quot;:&quot;classic&quot;,&quot;animation&quot;:&quot;fadeInLeft&quot;}\">\n\t\t\t\t<div class=\"elementor-element elementor-element-824e430 elementor-widget elementor-widget-menu-anchor\" data-id=\"824e430\" data-element_type=\"widget\" data-e-type=\"widget\" data-widget_type=\"menu-anchor.default\">\n\t\t\t\t\t\t\t<div class=\"elementor-menu-anchor\" id=\"1\"><\/div>\n\t\t\t\t\t\t<\/div>\n\t\t\t\t<\/div>\n\t\t<div class=\"elementor-element elementor-element-beb28f5 e-flex e-con-boxed e-con e-child\" data-id=\"beb28f5\" data-element_type=\"container\" data-e-type=\"container\" data-settings=\"{&quot;background_background&quot;:&quot;classic&quot;}\">\n\t\t\t\t\t<div class=\"e-con-inner\">\n\t\t\t\t<div class=\"elementor-element elementor-element-2549e5c elementor-widget elementor-widget-heading\" data-id=\"2549e5c\" data-element_type=\"widget\" data-e-type=\"widget\" data-widget_type=\"heading.default\">\n\t\t\t\t\t<h2 class=\"elementor-heading-title elementor-size-default\">Objemov\u00e9 mie\u0161a\u010dky Bay Lynx<\/h2>\t\t\t\t<\/div>\n\t\t\t\t<div class=\"elementor-element elementor-element-297ff2f elementor-widget elementor-widget-text-editor\" data-id=\"297ff2f\" data-element_type=\"widget\" data-e-type=\"widget\" data-widget_type=\"text-editor.default\">\n\t\t\t\t\t\t\t\t\t<strong>Zmes priamo na mieste \u2013 bez kompromisov.<\/strong>\nV\u010faka presn\u00fdm a robustn\u00fdm mie\u0161a\u010dk\u00e1m Bay Lynx priprav\u00edte bet\u00f3n presne tam, kde ho potrebujete \u2013 \u010derstv\u00fd, dokonale premie\u0161an\u00fd a pripraven\u00fd na pou\u017eitie priamo na stavenisku.\t\t\t\t\t\t\t\t<\/div>\n\t\t\t\t<div class=\"elementor-element elementor-element-fb8e59c elementor-align-left elementor-mobile-align-center elementor-widget elementor-widget-button\" data-id=\"fb8e59c\" data-element_type=\"widget\" data-e-type=\"widget\" data-widget_type=\"button.default\">\n\t\t\t\t\t\t\t\t\t\t<a class=\"elementor-button elementor-button-link elementor-size-sm\" href=\"\/sk\/kontakt\/\">\n\t\t\t\t\t\t<span class=\"elementor-button-content-wrapper\">\n\t\t\t\t\t\t\t\t\t<span class=\"elementor-button-text\">Kontaktujte n\u00e1s<\/span>\n\t\t\t\t\t<\/span>\n\t\t\t\t\t<\/a>\n\t\t\t\t\t\t\t\t<\/div>\n\t\t\t\t\t<\/div>\n\t\t\t\t<\/div>\n\t\t\t\t\t<\/div>\n\t\t\t\t<\/div>\n\t\t<div class=\"elementor-element elementor-element-785592b elementor-hidden-mobile e-flex e-con-boxed e-con e-parent\" data-id=\"785592b\" data-element_type=\"container\" data-e-type=\"container\">\n\t\t\t\t\t<div class=\"e-con-inner\">\n\t\t<div class=\"elementor-element elementor-element-e63ddce e-con-full e-flex e-con e-child\" data-id=\"e63ddce\" data-element_type=\"container\" data-e-type=\"container\" data-settings=\"{&quot;background_background&quot;:&quot;classic&quot;}\">\n\t\t\t\t<div class=\"elementor-element elementor-element-cc20673 elementor-widget elementor-widget-heading\" data-id=\"cc20673\" data-element_type=\"widget\" data-e-type=\"widget\" data-widget_type=\"heading.default\">\n\t\t\t\t\t<h2 class=\"elementor-heading-title elementor-size-default\">Mie\u0161a\u010dky na anhydritov\u00e9 potery<\/h2>\t\t\t\t<\/div>\n\t\t\t\t<div class=\"elementor-element elementor-element-79f859b elementor-widget elementor-widget-text-editor\" data-id=\"79f859b\" data-element_type=\"widget\" data-e-type=\"widget\" data-widget_type=\"text-editor.default\">\n\t\t\t\t\t\t\t\t\t<strong>Dokonal\u00e1 zmes. Dokonal\u00fd poter<\/strong>\nBay Lynx znamen\u00e1 presnos\u0165, ktor\u00e1 m\u00e1 v\u00fdznam. Mie\u0161a\u010dky na anhydrit garantuj\u00fa homog\u00e9nnu, \u010derstv\u00fa zmes a eliminuj\u00fa chyby pri realiz\u00e1cii.\t\t\t\t\t\t\t\t<\/div>\n\t\t\t\t<div class=\"elementor-element elementor-element-f622f28 elementor-align-left elementor-mobile-align-center elementor-widget elementor-widget-button\" data-id=\"f622f28\" data-element_type=\"widget\" data-e-type=\"widget\" data-widget_type=\"button.default\">\n\t\t\t\t\t\t\t\t\t\t<a class=\"elementor-button elementor-button-link elementor-size-sm\" href=\"\/sk\/kontakt\/\">\n\t\t\t\t\t\t<span class=\"elementor-button-content-wrapper\">\n\t\t\t\t\t\t\t\t\t<span class=\"elementor-button-text\">Kontaktujte n\u00e1s<\/span>\n\t\t\t\t\t<\/span>\n\t\t\t\t\t<\/a>\n\t\t\t\t\t\t\t\t<\/div>\n\t\t\t\t<\/div>\n\t\t<div class=\"elementor-element elementor-element-6dc18dd e-con-full e-flex elementor-invisible e-con e-child\" data-id=\"6dc18dd\" data-element_type=\"container\" data-e-type=\"container\" data-settings=\"{&quot;background_background&quot;:&quot;classic&quot;,&quot;animation&quot;:&quot;fadeInRight&quot;}\">\n\t\t\t\t<div class=\"elementor-element elementor-element-62c6940 elementor-widget elementor-widget-menu-anchor\" data-id=\"62c6940\" data-element_type=\"widget\" data-e-type=\"widget\" data-widget_type=\"menu-anchor.default\">\n\t\t\t\t\t\t\t<div class=\"elementor-menu-anchor\" id=\"2\"><\/div>\n\t\t\t\t\t\t<\/div>\n\t\t\t\t<\/div>\n\t\t\t\t\t<\/div>\n\t\t\t\t<\/div>\n\t\t<div class=\"elementor-element elementor-element-58c3ab4 elementor-hidden-desktop elementor-hidden-tablet e-flex e-con-boxed e-con e-parent\" data-id=\"58c3ab4\" data-element_type=\"container\" data-e-type=\"container\">\n\t\t\t\t\t<div class=\"e-con-inner\">\n\t\t<div class=\"elementor-element elementor-element-41df445 e-con-full e-flex elementor-invisible e-con e-child\" data-id=\"41df445\" data-element_type=\"container\" data-e-type=\"container\" data-settings=\"{&quot;background_background&quot;:&quot;classic&quot;,&quot;animation&quot;:&quot;fadeInLeft&quot;}\">\n\t\t\t\t<div class=\"elementor-element elementor-element-116e273 elementor-widget elementor-widget-menu-anchor\" data-id=\"116e273\" data-element_type=\"widget\" data-e-type=\"widget\" data-widget_type=\"menu-anchor.default\">\n\t\t\t\t\t\t\t<div class=\"elementor-menu-anchor\" id=\"4\"><\/div>\n\t\t\t\t\t\t<\/div>\n\t\t\t\t<\/div>\n\t\t<div class=\"elementor-element elementor-element-aefec50 e-flex e-con-boxed e-con e-child\" data-id=\"aefec50\" data-element_type=\"container\" data-e-type=\"container\" data-settings=\"{&quot;background_background&quot;:&quot;classic&quot;}\">\n\t\t\t\t\t<div class=\"e-con-inner\">\n\t\t\t\t<div class=\"elementor-element elementor-element-11ba328 elementor-widget elementor-widget-heading\" data-id=\"11ba328\" data-element_type=\"widget\" data-e-type=\"widget\" data-widget_type=\"heading.default\">\n\t\t\t\t\t<h2 class=\"elementor-heading-title elementor-size-default\">Mie\u0161a\u010dky na anhydritov\u00e9 potery<\/h2>\t\t\t\t<\/div>\n\t\t\t\t<div class=\"elementor-element elementor-element-fb19885 elementor-widget elementor-widget-text-editor\" data-id=\"fb19885\" data-element_type=\"widget\" data-e-type=\"widget\" data-widget_type=\"text-editor.default\">\n\t\t\t\t\t\t\t\t\t<strong>Dokonal\u00e1 zmes. Dokonal\u00fd poter.<\/strong>.<br>\nBay Lynx znamen\u00e1 presnos\u0165, ktor\u00e1 m\u00e1 v\u00fdznam. Mie\u0161a\u010dky na anhydrit garantuj\u00fa homog\u00e9nnu, \u010derstv\u00fa zmes a eliminuj\u00fa chyby pri realiz\u00e1cii.\t\t\t\t\t\t\t\t<\/div>\n\t\t\t\t<div class=\"elementor-element elementor-element-aa04b90 elementor-align-left elementor-mobile-align-center elementor-widget elementor-widget-button\" data-id=\"aa04b90\" data-element_type=\"widget\" data-e-type=\"widget\" data-widget_type=\"button.default\">\n\t\t\t\t\t\t\t\t\t\t<a class=\"elementor-button elementor-button-link elementor-size-sm\" href=\"\/sk\/kontakt\/\">\n\t\t\t\t\t\t<span class=\"elementor-button-content-wrapper\">\n\t\t\t\t\t\t\t\t\t<span class=\"elementor-button-text\">Kontaktujte n\u00e1s<\/span>\n\t\t\t\t\t<\/span>\n\t\t\t\t\t<\/a>\n\t\t\t\t\t\t\t\t<\/div>\n\t\t\t\t\t<\/div>\n\t\t\t\t<\/div>\n\t\t\t\t\t<\/div>\n\t\t\t\t<\/div>\n\t\t<div class=\"elementor-element elementor-element-091ec4d e-flex e-con-boxed e-con e-parent\" data-id=\"091ec4d\" data-element_type=\"container\" data-e-type=\"container\">\n\t\t\t\t\t<div class=\"e-con-inner\">\n\t\t<div class=\"elementor-element elementor-element-b5f7627 e-con-full e-flex elementor-invisible e-con e-child\" data-id=\"b5f7627\" data-element_type=\"container\" data-e-type=\"container\" data-settings=\"{&quot;background_background&quot;:&quot;classic&quot;,&quot;animation&quot;:&quot;fadeInLeft&quot;}\">\n\t\t\t\t<div class=\"elementor-element elementor-element-fd20ac6 elementor-widget elementor-widget-menu-anchor\" data-id=\"fd20ac6\" data-element_type=\"widget\" data-e-type=\"widget\" data-widget_type=\"menu-anchor.default\">\n\t\t\t\t\t\t\t<div class=\"elementor-menu-anchor\" id=\"3\"><\/div>\n\t\t\t\t\t\t<\/div>\n\t\t\t\t<\/div>\n\t\t<div class=\"elementor-element elementor-element-17a22aa e-flex e-con-boxed e-con e-child\" data-id=\"17a22aa\" data-element_type=\"container\" data-e-type=\"container\" data-settings=\"{&quot;background_background&quot;:&quot;classic&quot;}\">\n\t\t\t\t\t<div class=\"e-con-inner\">\n\t\t\t\t<div class=\"elementor-element elementor-element-bba0a64 elementor-widget elementor-widget-heading\" data-id=\"bba0a64\" data-element_type=\"widget\" data-e-type=\"widget\" data-widget_type=\"heading.default\">\n\t\t\t\t\t<h2 class=\"elementor-heading-title elementor-size-default\">Objemov\u00e9 mie\u0161a\u010dky Tytan<\/h2>\t\t\t\t<\/div>\n\t\t\t\t<div class=\"elementor-element elementor-element-d9d480f elementor-widget elementor-widget-text-editor\" data-id=\"d9d480f\" data-element_type=\"widget\" data-e-type=\"widget\" data-widget_type=\"text-editor.default\">\n\t\t\t\t\t\t\t\t\tNov\u00fd dizajn Tytana, vyroben\u00fd z \u013eahkej a odolnej ocele Hardox\u00ae 450, umo\u017e\u0148uje maxim\u00e1lne vyu\u017eitie nosnosti pri s\u00fa\u010dasnom zn\u00ed\u017een\u00ed zbyto\u010dnej hmotnosti. V\u010faka funkcii mie\u0161ania v re\u00e1lnom \u010dase Tytan poskytuje pln\u00fa flexibilitu a umo\u017e\u0148uje pripravi\u0165 r\u00f4zne zmesi presne tam, kde s\u00fa potrebn\u00e9.\t\t\t\t\t\t\t\t<\/div>\n\t\t\t\t<div class=\"elementor-element elementor-element-f74cf7c elementor-align-left elementor-mobile-align-center elementor-widget elementor-widget-button\" data-id=\"f74cf7c\" data-element_type=\"widget\" data-e-type=\"widget\" data-widget_type=\"button.default\">\n\t\t\t\t\t\t\t\t\t\t<a class=\"elementor-button elementor-button-link elementor-size-sm\" href=\"\/sk\/kontakt\/\">\n\t\t\t\t\t\t<span class=\"elementor-button-content-wrapper\">\n\t\t\t\t\t\t\t\t\t<span class=\"elementor-button-text\">Kontaktujte n\u00e1s<\/span>\n\t\t\t\t\t<\/span>\n\t\t\t\t\t<\/a>\n\t\t\t\t\t\t\t\t<\/div>\n\t\t\t\t\t<\/div>\n\t\t\t\t<\/div>\n\t\t\t\t\t<\/div>\n\t\t\t\t<\/div>\n\t\t\t\t<\/div>\n\t\t","protected":false},"excerpt":{"rendered":"<p>Spoznajte objemov\u00e9 mie\u0161a\u010dky Bay&nbsp;Lynx. V\u017edy dokonal\u00e1 zmes. I Objemov\u00e9 mie\u0161a\u010dky Bay Lynx s\u00fa z\u00e1rukou presnosti, \u00faspory a spo\u013eahlivosti.D\u00f4verujte overenej technol\u00f3gii Bay Lynx. Ako ofici\u00e1lny distrib\u00fator na Slovensku dod\u00e1vame zariadenia, ktor\u00e9 sp\u013a\u0148aj\u00fa o\u010dak\u00e1vania t\u00fdch najn\u00e1ro\u010dnej\u0161\u00edch investorov a dod\u00e1vate\u013eov. Objemov\u00e9 mie\u0161a\u010dky Bay Lynx Zmes priamo na mieste \u2013 bez kompromisov. V\u010faka presn\u00fdm a robustn\u00fdm mie\u0161a\u010dk\u00e1m Bay Lynx [&hellip;]<\/p>\n","protected":false},"author":1,"featured_media":0,"parent":0,"menu_order":0,"comment_status":"closed","ping_status":"closed","template":"elementor_header_footer","meta":{"footnotes":""},"class_list":["post-427","page","type-page","status-publish","hentry"],"_links":{"self":[{"href":"https:\/\/ecomixtech.com\/sk\/wp-json\/wp\/v2\/pages\/427","targetHints":{"allow":["GET"]}}],"collection":[{"href":"https:\/\/ecomixtech.com\/sk\/wp-json\/wp\/v2\/pages"}],"about":[{"href":"https:\/\/ecomixtech.com\/sk\/wp-json\/wp\/v2\/types\/page"}],"author":[{"embeddable":true,"href":"https:\/\/ecomixtech.com\/sk\/wp-json\/wp\/v2\/users\/1"}],"replies":[{"embeddable":true,"href":"https:\/\/ecomixtech.com\/sk\/wp-json\/wp\/v2\/comments?post=427"}],"version-history":[{"count":109,"href":"https:\/\/ecomixtech.com\/sk\/wp-json\/wp\/v2\/pages\/427\/revisions"}],"predecessor-version":[{"id":896,"href":"https:\/\/ecomixtech.com\/sk\/wp-json\/wp\/v2\/pages\/427\/revisions\/896"}],"wp:attachment":[{"href":"https:\/\/ecomixtech.com\/sk\/wp-json\/wp\/v2\/media?parent=427"}],"curies":[{"name":"wp","href":"https:\/\/api.w.org\/{rel}","templated":true}]}}