{"id":626,"date":"2025-09-02T12:48:32","date_gmt":"2025-09-02T12:48:32","guid":{"rendered":"https:\/\/ecomixtech.com\/sk\/?page_id=626"},"modified":"2025-09-03T08:36:57","modified_gmt":"2025-09-03T08:36:57","slug":"o-nas","status":"publish","type":"page","link":"https:\/\/ecomixtech.com\/sk\/o-nas\/","title":{"rendered":"O n\u00e1s"},"content":{"rendered":"\t\t<div data-elementor-type=\"wp-page\" data-elementor-id=\"626\" class=\"elementor elementor-626\">\n\t\t\t\t<div class=\"elementor-element elementor-element-20ea466 e-con-full e-flex e-con e-parent\" data-id=\"20ea466\" data-element_type=\"container\" data-e-type=\"container\">\n\t\t<div class=\"elementor-element elementor-element-df05870 e-con-full e-flex e-con e-child\" data-id=\"df05870\" data-element_type=\"container\" data-e-type=\"container\" data-settings=\"{&quot;background_background&quot;:&quot;classic&quot;,&quot;shape_divider_bottom&quot;:&quot;triangle&quot;,&quot;shape_divider_bottom_negative&quot;:&quot;yes&quot;}\">\n\t\t\t\t<div class=\"elementor-shape elementor-shape-bottom\" aria-hidden=\"true\" data-negative=\"true\">\n\t\t\t<svg xmlns=\"http:\/\/www.w3.org\/2000\/svg\" viewBox=\"0 0 1000 100\" preserveAspectRatio=\"none\">\n\t<path class=\"elementor-shape-fill\" d=\"M500.2,94.7L0,0v100h1000V0L500.2,94.7z\"\/>\n<\/svg>\t\t<\/div>\n\t\t<div class=\"elementor-element elementor-element-ce2ee02 e-flex e-con-boxed e-con e-child\" data-id=\"ce2ee02\" data-element_type=\"container\" data-e-type=\"container\">\n\t\t\t\t\t<div class=\"e-con-inner\">\n\t\t\t\t<div class=\"elementor-element elementor-element-6ff89f4 elementor-widget elementor-widget-heading\" data-id=\"6ff89f4\" data-element_type=\"widget\" data-e-type=\"widget\" data-widget_type=\"heading.default\">\n\t\t\t\t\t<h2 class=\"elementor-heading-title elementor-size-default\">O n\u00e1s<\/h2>\t\t\t\t<\/div>\n\t\t\t\t<div class=\"elementor-element elementor-element-7299eda elementor-widget elementor-widget-text-editor\" data-id=\"7299eda\" data-element_type=\"widget\" data-e-type=\"widget\" data-widget_type=\"text-editor.default\">\n\t\t\t\t\t\t\t\t\tEco Mix je firma vytvoren\u00e1 s v\u00e1\u0161\u0148ou pre modern\u00e9 rie\u0161enia v stavebnom priemysle.\t\t\t\t\t\t\t\t<\/div>\n\t\t\t\t\t<\/div>\n\t\t\t\t<\/div>\n\t\t\t\t<\/div>\n\t\t\t\t<\/div>\n\t\t<div class=\"elementor-element elementor-element-55d9519 e-flex e-con-boxed e-con e-parent\" data-id=\"55d9519\" data-element_type=\"container\" data-e-type=\"container\">\n\t\t\t\t\t<div class=\"e-con-inner\">\n\t\t\t\t<div class=\"elementor-element elementor-element-7746819 elementor-widget elementor-widget-heading\" data-id=\"7746819\" data-element_type=\"widget\" data-e-type=\"widget\" data-widget_type=\"heading.default\">\n\t\t\t\t\t<h2 class=\"elementor-heading-title elementor-size-default\">I<\/h2>\t\t\t\t<\/div>\n\t\t\t\t\t<\/div>\n\t\t\t\t<\/div>\n\t\t<div class=\"elementor-element elementor-element-2f915b8 e-flex e-con-boxed e-con e-parent\" data-id=\"2f915b8\" data-element_type=\"container\" data-e-type=\"container\">\n\t\t\t\t\t<div class=\"e-con-inner\">\n\t\t<div class=\"elementor-element elementor-element-41b4d53 e-con-full e-flex e-con e-child\" data-id=\"41b4d53\" data-element_type=\"container\" data-e-type=\"container\">\n\t\t<div class=\"elementor-element elementor-element-e2c5ef0 e-con-full e-flex e-con e-child\" data-id=\"e2c5ef0\" data-element_type=\"container\" data-e-type=\"container\">\n\t\t\t\t<div class=\"elementor-element elementor-element-981bcc3 elementor-widget elementor-widget-text-editor\" data-id=\"981bcc3\" data-element_type=\"widget\" data-e-type=\"widget\" data-widget_type=\"text-editor.default\">\n\t\t\t\t\t\t\t\t\tV Eco Mix ver\u00edme, \u017ee spo\u013eahliv\u00fd stroj je z\u00e1kladom efekt\u00edvnej realiz\u00e1cie ka\u017ed\u00e9ho projektu.\t\t\t\t\t\t\t\t<\/div>\n\t\t\t\t<div class=\"elementor-element elementor-element-32e6f3b elementor-widget elementor-widget-text-editor\" data-id=\"32e6f3b\" data-element_type=\"widget\" data-e-type=\"widget\" data-widget_type=\"text-editor.default\">\n\t\t\t\t\t\t\t\t\tAko ofici\u00e1lny distrib\u00fator zna\u010dky Bay Lynx na Slovensku, dod\u00e1vame na\u0161im z\u00e1kazn\u00edkom vysoko kvalitn\u00e9 mie\u0161a\u010dky bet\u00f3nu a origin\u00e1lne n\u00e1hradn\u00e9 diely, ktor\u00e9 si u\u017e roky z\u00edskavaj\u00fa uznanie na medzin\u00e1rodn\u00fdch trhoch.\t\t\t\t\t\t\t\t<\/div>\n\t\t\t\t<\/div>\n\t\t\t\t<\/div>\n\t\t\t\t\t<\/div>\n\t\t\t\t<\/div>\n\t\t<div class=\"elementor-element elementor-element-b3b2d0a e-flex e-con-boxed e-con e-parent\" data-id=\"b3b2d0a\" data-element_type=\"container\" data-e-type=\"container\">\n\t\t\t\t\t<div class=\"e-con-inner\">\n\t\t<div class=\"elementor-element elementor-element-5fa00a1 e-con-full e-flex elementor-invisible e-con e-child\" data-id=\"5fa00a1\" data-element_type=\"container\" data-e-type=\"container\" data-settings=\"{&quot;background_background&quot;:&quot;classic&quot;,&quot;animation&quot;:&quot;fadeInLeft&quot;}\">\n\t\t\t\t<\/div>\n\t\t<div class=\"elementor-element elementor-element-14307fd e-flex e-con-boxed e-con e-child\" data-id=\"14307fd\" data-element_type=\"container\" data-e-type=\"container\" data-settings=\"{&quot;background_background&quot;:&quot;classic&quot;}\">\n\t\t\t\t\t<div class=\"e-con-inner\">\n\t\t\t\t<div class=\"elementor-element elementor-element-bb5b9ef elementor-widget elementor-widget-heading\" data-id=\"bb5b9ef\" data-element_type=\"widget\" data-e-type=\"widget\" data-widget_type=\"heading.default\">\n\t\t\t\t\t<h2 class=\"elementor-heading-title elementor-size-default\">Pre\u010do Eco Mix?<\/h2>\t\t\t\t<\/div>\n\t\t\t\t<div class=\"elementor-element elementor-element-c22a70c elementor-widget elementor-widget-text-editor\" data-id=\"c22a70c\" data-element_type=\"widget\" data-e-type=\"widget\" data-widget_type=\"text-editor.default\">\n\t\t\t\t\t\t\t\t\t<ul>\n \t<li><strong>Ofici\u00e1lna distrib\u00facia Bay Lynx<\/strong> \u2013 z\u00e1ruka origin\u00e1lnych produktov a plnej podpory v\u00fdrobcu.<\/li>\n \t<li><strong>\u0160irok\u00fd v\u00fdber n\u00e1hradn\u00fdch dielov<\/strong> \u2013 r\u00fdchly pr\u00edstup ku komponentom, ktor\u00e9 zabezpe\u010duj\u00fa nepretr\u017eit\u00fa prev\u00e1dzku strojov.<\/li>\n \t<li><strong>Poradenstvo a servis<\/strong> \u2013 pom\u00e1hame s v\u00fdberom vybavenia a star\u00e1me sa o jeho spo\u013eahlivos\u0165 po\u010das celej doby pou\u017e\u00edvania.<\/li>\n \t<li><strong>Sk\u00fasenosti a d\u00f4vera<\/strong> \u2013 spolupracujeme ako s ve\u013ek\u00fdmi stavebn\u00fdmi spolo\u010dnos\u0165ami, tak s miestnymi dod\u00e1vate\u013emi.<\/li>\n<\/ul>\t\t\t\t\t\t\t\t<\/div>\n\t\t\t\t<div class=\"elementor-element elementor-element-c339b73 elementor-align-left elementor-mobile-align-center elementor-widget elementor-widget-button\" data-id=\"c339b73\" data-element_type=\"widget\" data-e-type=\"widget\" data-widget_type=\"button.default\">\n\t\t\t\t\t\t\t\t\t\t<a class=\"elementor-button elementor-button-link elementor-size-sm\" href=\"\/sk\/kontakt\/\">\n\t\t\t\t\t\t<span class=\"elementor-button-content-wrapper\">\n\t\t\t\t\t\t\t\t\t<span class=\"elementor-button-text\">Kontaktujte n\u00e1s<\/span>\n\t\t\t\t\t<\/span>\n\t\t\t\t\t<\/a>\n\t\t\t\t\t\t\t\t<\/div>\n\t\t\t\t\t<\/div>\n\t\t\t\t<\/div>\n\t\t\t\t\t<\/div>\n\t\t\t\t<\/div>\n\t\t\t\t<\/div>\n\t\t","protected":false},"excerpt":{"rendered":"<p>O n\u00e1s Eco Mix je firma vytvoren\u00e1 s v\u00e1\u0161\u0148ou pre modern\u00e9 rie\u0161enia v stavebnom priemysle. I V Eco Mix ver\u00edme, \u017ee spo\u013eahliv\u00fd stroj je z\u00e1kladom efekt\u00edvnej realiz\u00e1cie ka\u017ed\u00e9ho projektu.Ako ofici\u00e1lny distrib\u00fator zna\u010dky Bay Lynx na Slovensku, dod\u00e1vame na\u0161im z\u00e1kazn\u00edkom vysoko kvalitn\u00e9 mie\u0161a\u010dky bet\u00f3nu a origin\u00e1lne n\u00e1hradn\u00e9 diely, ktor\u00e9 si u\u017e roky z\u00edskavaj\u00fa uznanie na medzin\u00e1rodn\u00fdch [&hellip;]<\/p>\n","protected":false},"author":1,"featured_media":0,"parent":0,"menu_order":0,"comment_status":"closed","ping_status":"closed","template":"elementor_header_footer","meta":{"footnotes":""},"class_list":["post-626","page","type-page","status-publish","hentry"],"_links":{"self":[{"href":"https:\/\/ecomixtech.com\/sk\/wp-json\/wp\/v2\/pages\/626","targetHints":{"allow":["GET"]}}],"collection":[{"href":"https:\/\/ecomixtech.com\/sk\/wp-json\/wp\/v2\/pages"}],"about":[{"href":"https:\/\/ecomixtech.com\/sk\/wp-json\/wp\/v2\/types\/page"}],"author":[{"embeddable":true,"href":"https:\/\/ecomixtech.com\/sk\/wp-json\/wp\/v2\/users\/1"}],"replies":[{"embeddable":true,"href":"https:\/\/ecomixtech.com\/sk\/wp-json\/wp\/v2\/comments?post=626"}],"version-history":[{"count":44,"href":"https:\/\/ecomixtech.com\/sk\/wp-json\/wp\/v2\/pages\/626\/revisions"}],"predecessor-version":[{"id":880,"href":"https:\/\/ecomixtech.com\/sk\/wp-json\/wp\/v2\/pages\/626\/revisions\/880"}],"wp:attachment":[{"href":"https:\/\/ecomixtech.com\/sk\/wp-json\/wp\/v2\/media?parent=626"}],"curies":[{"name":"wp","href":"https:\/\/api.w.org\/{rel}","templated":true}]}}