{"id":640,"date":"2025-09-02T13:00:06","date_gmt":"2025-09-02T13:00:06","guid":{"rendered":"https:\/\/ecomixtech.com\/sk\/?page_id=640"},"modified":"2025-09-03T08:38:30","modified_gmt":"2025-09-03T08:38:30","slug":"kontakt","status":"publish","type":"page","link":"https:\/\/ecomixtech.com\/sk\/kontakt\/","title":{"rendered":"Kontakt"},"content":{"rendered":"\t\t<div data-elementor-type=\"wp-page\" data-elementor-id=\"640\" class=\"elementor elementor-640\">\n\t\t\t\t<div class=\"elementor-element elementor-element-26f5042 e-con-full e-flex e-con e-parent\" data-id=\"26f5042\" data-element_type=\"container\" data-e-type=\"container\">\n\t\t<div class=\"elementor-element elementor-element-c05afce e-con-full e-flex e-con e-child\" data-id=\"c05afce\" data-element_type=\"container\" data-e-type=\"container\" data-settings=\"{&quot;background_background&quot;:&quot;classic&quot;,&quot;shape_divider_bottom&quot;:&quot;triangle&quot;,&quot;shape_divider_bottom_negative&quot;:&quot;yes&quot;}\">\n\t\t\t\t<div class=\"elementor-shape elementor-shape-bottom\" aria-hidden=\"true\" data-negative=\"true\">\n\t\t\t<svg xmlns=\"http:\/\/www.w3.org\/2000\/svg\" viewBox=\"0 0 1000 100\" preserveAspectRatio=\"none\">\n\t<path class=\"elementor-shape-fill\" d=\"M500.2,94.7L0,0v100h1000V0L500.2,94.7z\"\/>\n<\/svg>\t\t<\/div>\n\t\t<div class=\"elementor-element elementor-element-896f95f e-flex e-con-boxed e-con e-child\" data-id=\"896f95f\" data-element_type=\"container\" data-e-type=\"container\">\n\t\t\t\t\t<div class=\"e-con-inner\">\n\t\t\t\t<div class=\"elementor-element elementor-element-3a96484 elementor-widget elementor-widget-heading\" data-id=\"3a96484\" data-element_type=\"widget\" data-e-type=\"widget\" data-widget_type=\"heading.default\">\n\t\t\t\t\t<h2 class=\"elementor-heading-title elementor-size-default\">Kontakt<\/h2>\t\t\t\t<\/div>\n\t\t\t\t<div class=\"elementor-element elementor-element-b1d951c elementor-widget elementor-widget-text-editor\" data-id=\"b1d951c\" data-element_type=\"widget\" data-e-type=\"widget\" data-widget_type=\"text-editor.default\">\n\t\t\t\t\t\t\t\t\tV\u017edy tam, kde n\u00e1s potrebujete.\t\t\t\t\t\t\t\t<\/div>\n\t\t\t\t\t<\/div>\n\t\t\t\t<\/div>\n\t\t\t\t<\/div>\n\t\t\t\t<\/div>\n\t\t<div class=\"elementor-element elementor-element-5d5540f e-flex e-con-boxed e-con e-parent\" data-id=\"5d5540f\" data-element_type=\"container\" data-e-type=\"container\">\n\t\t\t\t\t<div class=\"e-con-inner\">\n\t\t\t\t<div class=\"elementor-element elementor-element-58039ef elementor-widget elementor-widget-heading\" data-id=\"58039ef\" data-element_type=\"widget\" data-e-type=\"widget\" data-widget_type=\"heading.default\">\n\t\t\t\t\t<h2 class=\"elementor-heading-title elementor-size-default\">I<\/h2>\t\t\t\t<\/div>\n\t\t\t\t\t<\/div>\n\t\t\t\t<\/div>\n\t\t<div class=\"elementor-element elementor-element-99646cd e-flex e-con-boxed e-con e-parent\" data-id=\"99646cd\" data-element_type=\"container\" data-e-type=\"container\">\n\t\t\t\t\t<div class=\"e-con-inner\">\n\t\t<div class=\"elementor-element elementor-element-bed13d7 e-con-full e-flex e-con e-child\" data-id=\"bed13d7\" data-element_type=\"container\" data-e-type=\"container\">\n\t\t<div class=\"elementor-element elementor-element-72f12a6 e-con-full e-flex e-con e-child\" data-id=\"72f12a6\" data-element_type=\"container\" data-e-type=\"container\">\n\t\t\t\t<div class=\"elementor-element elementor-element-ad89021 elementor-widget elementor-widget-text-editor\" data-id=\"ad89021\" data-element_type=\"widget\" data-e-type=\"widget\" data-widget_type=\"text-editor.default\">\n\t\t\t\t\t\t\t\t\tM\u00e1te ot\u00e1zky t\u00fdkaj\u00face sa na\u0161ej ponuky alebo sa chcete dozvedie\u0165 viac o mie\u0161a\u010dk\u00e1ch bet\u00f3nu a n\u00e1hradn\u00fdch dieloch Bay Lynx?\t\t\t\t\t\t\t\t<\/div>\n\t\t\t\t<div class=\"elementor-element elementor-element-871d555 elementor-widget elementor-widget-text-editor\" data-id=\"871d555\" data-element_type=\"widget\" data-e-type=\"widget\" data-widget_type=\"text-editor.default\">\n\t\t\t\t\t\t\t\t\tKontaktujte n\u00e1s \u2013 radi porad\u00edme a pom\u00f4\u017eeme v\u00e1m vybra\u0165 najlep\u0161ie rie\u0161enie pre va\u0161u firmu.\t\t\t\t\t\t\t\t<\/div>\n\t\t\t\t<\/div>\n\t\t\t\t<\/div>\n\t\t\t\t\t<\/div>\n\t\t\t\t<\/div>\n\t\t\t\t<\/div>\n\t\t","protected":false},"excerpt":{"rendered":"<p>Kontakt V\u017edy tam, kde n\u00e1s potrebujete. I M\u00e1te ot\u00e1zky t\u00fdkaj\u00face sa na\u0161ej ponuky alebo sa chcete dozvedie\u0165 viac o mie\u0161a\u010dk\u00e1ch bet\u00f3nu a n\u00e1hradn\u00fdch dieloch Bay Lynx?Kontaktujte n\u00e1s \u2013 radi porad\u00edme a pom\u00f4\u017eeme v\u00e1m vybra\u0165 najlep\u0161ie rie\u0161enie pre va\u0161u firmu.<\/p>\n","protected":false},"author":1,"featured_media":0,"parent":0,"menu_order":0,"comment_status":"closed","ping_status":"closed","template":"elementor_header_footer","meta":{"footnotes":""},"class_list":["post-640","page","type-page","status-publish","hentry"],"_links":{"self":[{"href":"https:\/\/ecomixtech.com\/sk\/wp-json\/wp\/v2\/pages\/640","targetHints":{"allow":["GET"]}}],"collection":[{"href":"https:\/\/ecomixtech.com\/sk\/wp-json\/wp\/v2\/pages"}],"about":[{"href":"https:\/\/ecomixtech.com\/sk\/wp-json\/wp\/v2\/types\/page"}],"author":[{"embeddable":true,"href":"https:\/\/ecomixtech.com\/sk\/wp-json\/wp\/v2\/users\/1"}],"replies":[{"embeddable":true,"href":"https:\/\/ecomixtech.com\/sk\/wp-json\/wp\/v2\/comments?post=640"}],"version-history":[{"count":43,"href":"https:\/\/ecomixtech.com\/sk\/wp-json\/wp\/v2\/pages\/640\/revisions"}],"predecessor-version":[{"id":883,"href":"https:\/\/ecomixtech.com\/sk\/wp-json\/wp\/v2\/pages\/640\/revisions\/883"}],"wp:attachment":[{"href":"https:\/\/ecomixtech.com\/sk\/wp-json\/wp\/v2\/media?parent=640"}],"curies":[{"name":"wp","href":"https:\/\/api.w.org\/{rel}","templated":true}]}}