{"id":7,"date":"2025-09-01T10:28:09","date_gmt":"2025-09-01T10:28:09","guid":{"rendered":"https:\/\/ecomixtech.com\/sk\/?page_id=7"},"modified":"2025-09-03T12:17:35","modified_gmt":"2025-09-03T12:17:35","slug":"home","status":"publish","type":"page","link":"https:\/\/ecomixtech.com\/sk\/","title":{"rendered":"Home"},"content":{"rendered":"\t\t<div data-elementor-type=\"wp-page\" data-elementor-id=\"7\" class=\"elementor elementor-7\">\n\t\t\t\t<div class=\"elementor-element elementor-element-448c1ed e-con-full e-flex e-con e-parent\" data-id=\"448c1ed\" data-element_type=\"container\" data-e-type=\"container\">\n\t\t<div class=\"elementor-element elementor-element-1f2c57a e-con-full e-flex e-con e-child\" data-id=\"1f2c57a\" data-element_type=\"container\" data-e-type=\"container\" data-settings=\"{&quot;background_background&quot;:&quot;classic&quot;,&quot;shape_divider_bottom&quot;:&quot;triangle&quot;,&quot;shape_divider_bottom_negative&quot;:&quot;yes&quot;}\">\n\t\t\t\t<div class=\"elementor-shape elementor-shape-bottom\" aria-hidden=\"true\" data-negative=\"true\">\n\t\t\t<svg xmlns=\"http:\/\/www.w3.org\/2000\/svg\" viewBox=\"0 0 1000 100\" preserveAspectRatio=\"none\">\n\t<path class=\"elementor-shape-fill\" d=\"M500.2,94.7L0,0v100h1000V0L500.2,94.7z\"\/>\n<\/svg>\t\t<\/div>\n\t\t<div class=\"elementor-element elementor-element-68f1318 e-flex e-con-boxed e-con e-child\" data-id=\"68f1318\" data-element_type=\"container\" data-e-type=\"container\">\n\t\t\t\t\t<div class=\"e-con-inner\">\n\t\t\t\t<div class=\"elementor-element elementor-element-18ea526 elementor-widget elementor-widget-heading\" data-id=\"18ea526\" data-element_type=\"widget\" data-e-type=\"widget\" data-widget_type=\"heading.default\">\n\t\t\t\t\t<h2 class=\"elementor-heading-title elementor-size-default\">Bet\u00f3nomie\u0161a\u010dky Bay&nbsp;Lynx<\/h2>\t\t\t\t<\/div>\n\t\t\t\t<div class=\"elementor-element elementor-element-1d468b8 elementor-widget elementor-widget-text-editor\" data-id=\"1d468b8\" data-element_type=\"widget\" data-e-type=\"widget\" data-widget_type=\"text-editor.default\">\n\t\t\t\t\t\t\t\t\tStroje, ktor\u00e9 buduj\u00fa v\u00e1\u0161 biznis.\t\t\t\t\t\t\t\t<\/div>\n\t\t\t\t\t<\/div>\n\t\t\t\t<\/div>\n\t\t\t\t<\/div>\n\t\t\t\t<\/div>\n\t\t<div class=\"elementor-element elementor-element-23c3d78 e-flex e-con-boxed e-con e-parent\" data-id=\"23c3d78\" data-element_type=\"container\" data-e-type=\"container\">\n\t\t\t\t\t<div class=\"e-con-inner\">\n\t\t\t\t<div class=\"elementor-element elementor-element-068b046 elementor-widget elementor-widget-heading\" data-id=\"068b046\" data-element_type=\"widget\" data-e-type=\"widget\" data-widget_type=\"heading.default\">\n\t\t\t\t\t<h2 class=\"elementor-heading-title elementor-size-default\">I<\/h2>\t\t\t\t<\/div>\n\t\t\t\t\t<\/div>\n\t\t\t\t<\/div>\n\t\t<div class=\"elementor-element elementor-element-ecb4852 e-flex e-con-boxed e-con e-parent\" data-id=\"ecb4852\" data-element_type=\"container\" data-e-type=\"container\">\n\t\t\t\t\t<div class=\"e-con-inner\">\n\t\t<div class=\"elementor-element elementor-element-3374920 e-con-full e-flex e-con e-child\" data-id=\"3374920\" data-element_type=\"container\" data-e-type=\"container\">\n\t\t\t\t<div class=\"elementor-element elementor-element-7647d5a elementor-widget elementor-widget-text-editor\" data-id=\"7647d5a\" data-element_type=\"widget\" data-e-type=\"widget\" data-widget_type=\"text-editor.default\">\n\t\t\t\t\t\t\t\t\tBet\u00f3nomie\u0161a\u010dky Bay Lynx s\u00fa spo\u013eahliv\u00e9 zariadenia na presn\u00fa pr\u00edpravu bet\u00f3nu priamo na stavenisku.\t\t\t\t\t\t\t\t<\/div>\n\t\t\t\t<\/div>\n\t\t\t\t\t<\/div>\n\t\t\t\t<\/div>\n\t\t<div class=\"elementor-element elementor-element-40f2035 e-flex e-con-boxed e-con e-parent\" data-id=\"40f2035\" data-element_type=\"container\" data-e-type=\"container\">\n\t\t\t\t\t<div class=\"e-con-inner\">\n\t\t<div class=\"elementor-element elementor-element-4bbbb37 e-con-full e-flex elementor-invisible e-con e-child\" data-id=\"4bbbb37\" data-element_type=\"container\" data-e-type=\"container\" data-settings=\"{&quot;background_background&quot;:&quot;classic&quot;,&quot;animation&quot;:&quot;fadeInLeft&quot;}\">\n\t\t\t\t<\/div>\n\t\t<div class=\"elementor-element elementor-element-d757f23 e-flex e-con-boxed e-con e-child\" data-id=\"d757f23\" data-element_type=\"container\" data-e-type=\"container\" data-settings=\"{&quot;background_background&quot;:&quot;classic&quot;}\">\n\t\t\t\t\t<div class=\"e-con-inner\">\n\t\t\t\t<div class=\"elementor-element elementor-element-6e7b383 elementor-widget elementor-widget-heading\" data-id=\"6e7b383\" data-element_type=\"widget\" data-e-type=\"widget\" data-widget_type=\"heading.default\">\n\t\t\t\t\t<h2 class=\"elementor-heading-title elementor-size-default\">Objemov\u00e9 mie\u0161a\u010dky Bay&nbsp;Lynx<\/h2>\t\t\t\t<\/div>\n\t\t\t\t<div class=\"elementor-element elementor-element-f10abe0 elementor-widget elementor-widget-text-editor\" data-id=\"f10abe0\" data-element_type=\"widget\" data-e-type=\"widget\" data-widget_type=\"text-editor.default\">\n\t\t\t\t\t\t\t\t\t<strong>Pevn\u00e9 prevedenie \u2013 spo\u013eahlivos\u0165 v ka\u017edom detaile.<\/strong><br>\nMie\u0161a\u010dky Bay Lynx s\u00fa zariadenia najvy\u0161\u0161ej kvality, navrhnut\u00e9 tak, aby pracovali presne, efekt\u00edvne a bezporuchovo za ka\u017ed\u00fdch stavebn\u00fdch podmienok.\t\t\t\t\t\t\t\t<\/div>\n\t\t\t\t<div class=\"elementor-element elementor-element-bbab709 elementor-align-left elementor-mobile-align-center elementor-widget elementor-widget-button\" data-id=\"bbab709\" data-element_type=\"widget\" data-e-type=\"widget\" data-widget_type=\"button.default\">\n\t\t\t\t\t\t\t\t\t\t<a class=\"elementor-button elementor-button-link elementor-size-sm\" href=\"\/sk\/\/produkty\/\">\n\t\t\t\t\t\t<span class=\"elementor-button-content-wrapper\">\n\t\t\t\t\t\t\t\t\t<span class=\"elementor-button-text\">Objavte mo\u017enosti<\/span>\n\t\t\t\t\t<\/span>\n\t\t\t\t\t<\/a>\n\t\t\t\t\t\t\t\t<\/div>\n\t\t\t\t\t<\/div>\n\t\t\t\t<\/div>\n\t\t\t\t\t<\/div>\n\t\t\t\t<\/div>\n\t\t<div class=\"elementor-element elementor-element-c07fc88 elementor-hidden-mobile e-flex e-con-boxed e-con e-parent\" data-id=\"c07fc88\" data-element_type=\"container\" data-e-type=\"container\">\n\t\t\t\t\t<div class=\"e-con-inner\">\n\t\t<div class=\"elementor-element elementor-element-e173ace e-con-full e-flex e-con e-child\" data-id=\"e173ace\" data-element_type=\"container\" data-e-type=\"container\" data-settings=\"{&quot;background_background&quot;:&quot;classic&quot;}\">\n\t\t\t\t<div class=\"elementor-element elementor-element-7ab3a20 elementor-widget elementor-widget-heading\" data-id=\"7ab3a20\" data-element_type=\"widget\" data-e-type=\"widget\" data-widget_type=\"heading.default\">\n\t\t\t\t\t<h2 class=\"elementor-heading-title elementor-size-default\">Diely a servis<\/h2>\t\t\t\t<\/div>\n\t\t\t\t<div class=\"elementor-element elementor-element-278cf98 elementor-widget elementor-widget-text-editor\" data-id=\"278cf98\" data-element_type=\"widget\" data-e-type=\"widget\" data-widget_type=\"text-editor.default\">\n\t\t\t\t\t\t\t\t\t<strong>Podpora, na ktor\u00fa sa m\u00f4\u017eete spo\u013eahn\u00fa\u0165 ka\u017ed\u00fd de\u0148.<\/strong><br>\nZariadenia Bay Lynx nie s\u00fa len spo\u013eahliv\u00e9, ale poskytuj\u00fa aj istotu, \u017ee v\u017edy m\u00e1te pr\u00edstup k n\u00e1hradn\u00fdm dielom a profesion\u00e1lnemu servisu. Vieme, \u017ee ka\u017ed\u00e1 porucha znamen\u00e1 prestoj a re\u00e1lne n\u00e1klady, preto pon\u00fakame r\u00fdchlu podporu a komponenty najvy\u0161\u0161ej kvality, aby va\u0161e stroje pracovali bez preru\u0161enia.\t\t\t\t\t\t\t\t<\/div>\n\t\t\t\t<div class=\"elementor-element elementor-element-aac7ec7 elementor-align-left elementor-widget elementor-widget-button\" data-id=\"aac7ec7\" data-element_type=\"widget\" data-e-type=\"widget\" data-widget_type=\"button.default\">\n\t\t\t\t\t\t\t\t\t\t<a class=\"elementor-button elementor-button-link elementor-size-sm\" href=\"\/sk\/diely-a-servis\/\">\n\t\t\t\t\t\t<span class=\"elementor-button-content-wrapper\">\n\t\t\t\t\t\t\t\t\t<span class=\"elementor-button-text\">Zistite viac<\/span>\n\t\t\t\t\t<\/span>\n\t\t\t\t\t<\/a>\n\t\t\t\t\t\t\t\t<\/div>\n\t\t\t\t<\/div>\n\t\t<div class=\"elementor-element elementor-element-e5fb5f0 e-con-full e-flex elementor-invisible e-con e-child\" data-id=\"e5fb5f0\" data-element_type=\"container\" data-e-type=\"container\" data-settings=\"{&quot;background_background&quot;:&quot;classic&quot;,&quot;animation&quot;:&quot;fadeInRight&quot;}\">\n\t\t\t\t<\/div>\n\t\t\t\t\t<\/div>\n\t\t\t\t<\/div>\n\t\t<div class=\"elementor-element elementor-element-238f72c elementor-hidden-desktop elementor-hidden-tablet e-flex e-con-boxed e-con e-parent\" data-id=\"238f72c\" data-element_type=\"container\" data-e-type=\"container\">\n\t\t\t\t\t<div class=\"e-con-inner\">\n\t\t<div class=\"elementor-element elementor-element-f5bf2c4 e-con-full e-flex elementor-invisible e-con e-child\" data-id=\"f5bf2c4\" data-element_type=\"container\" data-e-type=\"container\" data-settings=\"{&quot;background_background&quot;:&quot;classic&quot;,&quot;animation&quot;:&quot;fadeInRight&quot;}\">\n\t\t\t\t<\/div>\n\t\t<div class=\"elementor-element elementor-element-4df6097 e-con-full e-flex e-con e-child\" data-id=\"4df6097\" data-element_type=\"container\" data-e-type=\"container\" data-settings=\"{&quot;background_background&quot;:&quot;classic&quot;}\">\n\t\t\t\t<div class=\"elementor-element elementor-element-4b8d28b elementor-widget elementor-widget-heading\" data-id=\"4b8d28b\" data-element_type=\"widget\" data-e-type=\"widget\" data-widget_type=\"heading.default\">\n\t\t\t\t\t<h2 class=\"elementor-heading-title elementor-size-default\">Diely a servis<\/h2>\t\t\t\t<\/div>\n\t\t\t\t<div class=\"elementor-element elementor-element-ba57063 elementor-widget elementor-widget-text-editor\" data-id=\"ba57063\" data-element_type=\"widget\" data-e-type=\"widget\" data-widget_type=\"text-editor.default\">\n\t\t\t\t\t\t\t\t\t<strong>Podpora, na ktor\u00fa sa m\u00f4\u017eete spo\u013eahn\u00fa\u0165 ka\u017ed\u00fd de\u0148.<\/strong><br>\nZariadenia Bay Lynx nie s\u00fa len spo\u013eahliv\u00e9, ale poskytuj\u00fa aj istotu, \u017ee v\u017edy m\u00e1te pr\u00edstup k n\u00e1hradn\u00fdm dielom a profesion\u00e1lnemu servisu. Vieme, \u017ee ka\u017ed\u00e1 porucha znamen\u00e1 prestoj a re\u00e1lne n\u00e1klady, preto pon\u00fakame r\u00fdchlu podporu a komponenty najvy\u0161\u0161ej kvality, aby va\u0161e stroje pracovali bez preru\u0161enia.\t\t\t\t\t\t\t\t<\/div>\n\t\t\t\t<div class=\"elementor-element elementor-element-110ed1a elementor-align-left elementor-mobile-align-center elementor-widget elementor-widget-button\" data-id=\"110ed1a\" data-element_type=\"widget\" data-e-type=\"widget\" data-widget_type=\"button.default\">\n\t\t\t\t\t\t\t\t\t\t<a class=\"elementor-button elementor-button-link elementor-size-sm\" href=\"\/sk\/diely-a-servis\/\">\n\t\t\t\t\t\t<span class=\"elementor-button-content-wrapper\">\n\t\t\t\t\t\t\t\t\t<span class=\"elementor-button-text\">Zistite viac<\/span>\n\t\t\t\t\t<\/span>\n\t\t\t\t\t<\/a>\n\t\t\t\t\t\t\t\t<\/div>\n\t\t\t\t<\/div>\n\t\t\t\t\t<\/div>\n\t\t\t\t<\/div>\n\t\t\t\t<\/div>\n\t\t","protected":false},"excerpt":{"rendered":"<p>Bet\u00f3nomie\u0161a\u010dky Bay&nbsp;Lynx Stroje, ktor\u00e9 buduj\u00fa v\u00e1\u0161 biznis. I Bet\u00f3nomie\u0161a\u010dky Bay Lynx s\u00fa spo\u013eahliv\u00e9 zariadenia na presn\u00fa pr\u00edpravu bet\u00f3nu priamo na stavenisku. Objemov\u00e9 mie\u0161a\u010dky Bay&nbsp;Lynx Pevn\u00e9 prevedenie \u2013 spo\u013eahlivos\u0165 v ka\u017edom detaile. Mie\u0161a\u010dky Bay Lynx s\u00fa zariadenia najvy\u0161\u0161ej kvality, navrhnut\u00e9 tak, aby pracovali presne, efekt\u00edvne a bezporuchovo za ka\u017ed\u00fdch stavebn\u00fdch podmienok. Objavte mo\u017enosti Diely a servis [&hellip;]<\/p>\n","protected":false},"author":1,"featured_media":0,"parent":0,"menu_order":0,"comment_status":"closed","ping_status":"closed","template":"elementor_header_footer","meta":{"footnotes":""},"class_list":["post-7","page","type-page","status-publish","hentry"],"_links":{"self":[{"href":"https:\/\/ecomixtech.com\/sk\/wp-json\/wp\/v2\/pages\/7","targetHints":{"allow":["GET"]}}],"collection":[{"href":"https:\/\/ecomixtech.com\/sk\/wp-json\/wp\/v2\/pages"}],"about":[{"href":"https:\/\/ecomixtech.com\/sk\/wp-json\/wp\/v2\/types\/page"}],"author":[{"embeddable":true,"href":"https:\/\/ecomixtech.com\/sk\/wp-json\/wp\/v2\/users\/1"}],"replies":[{"embeddable":true,"href":"https:\/\/ecomixtech.com\/sk\/wp-json\/wp\/v2\/comments?post=7"}],"version-history":[{"count":223,"href":"https:\/\/ecomixtech.com\/sk\/wp-json\/wp\/v2\/pages\/7\/revisions"}],"predecessor-version":[{"id":913,"href":"https:\/\/ecomixtech.com\/sk\/wp-json\/wp\/v2\/pages\/7\/revisions\/913"}],"wp:attachment":[{"href":"https:\/\/ecomixtech.com\/sk\/wp-json\/wp\/v2\/media?parent=7"}],"curies":[{"name":"wp","href":"https:\/\/api.w.org\/{rel}","templated":true}]}}